{"id":1240,"date":"2016-02-12T14:43:40","date_gmt":"2016-02-12T13:43:40","guid":{"rendered":"http:\/\/teatrcapitol.pl\/?page_id=1240"},"modified":"2023-01-04T10:37:05","modified_gmt":"2023-01-04T09:37:05","slug":"contact","status":"publish","type":"page","link":"https:\/\/teatrcapitol.pl\/en\/contact\/","title":{"rendered":"CONTACT"},"content":{"rendered":"<div class=\"\">\n<h2 class=\"_5clb\" style=\"text-align: center;\"><span style=\"font-size: 14pt;\"><span class=\"\">For any inquiries or questions regarding our theatre, <\/span><span class=\"\">tickets and prices,\u00a0<\/span><\/span><span style=\"font-size: 14pt;\"><span class=\"\">feel free to contact us.<\/span><\/span><\/h2>\n<\/div>\n<div class=\"\" style=\"text-align: center;\"><span style=\"font-size: large;\"><b class=\"\">Ela Krawczykowska-Soboci\u0144ska<\/b><\/span><\/div>\n<div class=\"\" style=\"text-align: center;\"><span style=\"font-size: large;\">English-speaking contact <\/span><span style=\"font-size: large;\"><a class=\"\" href=\"mailto:ela@teatrcapitol.pl\">ela@teatrcapitol.pl<\/a><\/span><\/div>\n<p style=\"text-align: center;\"><strong>TEATR CAPITOL<\/strong><\/p>\n<p style=\"text-align: center;\">ul. Marsza\u0142kowska 115 (next to Plac Bankowy and Metro Ratusz-Arsena\u0142)<\/p>\n<p style=\"text-align: center;\">00-102 Warsaw<\/p>\n<p style=\"text-align: center;\"><strong>Main Stage<\/strong> \u2013 main theatre entrance<\/p>\n<p style=\"text-align: center;\"><strong>Small Stage<\/strong> \u2013 entrance on\u00a0Przechodnia street<\/p>\n<p style=\"text-align: center;\"><strong>CEO<\/strong><\/p>\n<p style=\"text-align: center;\">Anna Gornostaj and Stanis\u0142aw M\u0105czy\u0144ski<\/p>\n<p style=\"text-align: center;\"><strong>ticket office<\/strong><\/p>\n<p style=\"text-align: center;\"><em>Open from Monday to Sunday\u00a0from 10 am to 7 pm\u00a0<\/em><\/p>\n<p style=\"text-align: center;\">tel.: (+48) 22 620 21 42<\/p>\n<p style=\"text-align: center;\">fax: (+48) 22 379 72 97<\/p>\n<p style=\"text-align: center;\">e-mail: <a href=\"mailto:bilety@teatrcapitol.pl\">bilety@teatrcapitol.pl<\/a><\/p>\n<p style=\"text-align: center;\"><strong>ticket office for the small stage<\/strong><\/p>\n<p style=\"text-align: center;\"><em>open one hour before each show<\/em><\/p>\n<p style=\"text-align: center;\">tel.: (+48) 884 777 429<\/p>\n<p style=\"text-align: center;\">mail: <a href=\"mailto:teatr@teatrcapitol.pl\">teatr@teatrcapitol.pl<\/a><\/p>\n<p style=\"text-align: center;\"><strong>reservations<\/strong><\/p>\n<p style=\"text-align: center;\"><em>Open from Monday to Friday from 9 am to 5 pm<\/em><\/p>\n<p style=\"text-align: center;\">tel.: (+48) 22 890 70 55<\/p>\n<p style=\"text-align: center;\">fax: (+48) 22 379 72 97<\/p>\n<p style=\"text-align: center;\">tel.: (+48) 604 433 736<\/p>\n<p style=\"text-align: center;\"><a href=\"mailto:rezerwacje@teatrcapitol.pl\">rezerwacje@teatrcapitol.pl<\/a><\/p>\n<p style=\"text-align: center;\"><strong>theatre manager<\/strong><\/p>\n<p style=\"text-align: center;\">Agnieszka Trojanek-Soska<\/p>\n<p style=\"text-align: center;\">tel.: (+48) 602 692 693<\/p>\n<p style=\"text-align: center;\">e-mail: <a href=\"mailto:a.trojanek@teatrcapitol.pl\">a.trojanek@teatrcapitol.pl<\/a><\/p>\n<p style=\"text-align: center;\"><strong>office\/payments<\/strong><\/p>\n<p style=\"text-align: center;\">Beata Piontek<\/p>\n<p style=\"text-align: center;\">tel.: (+48) 22 826 85 70<\/p>\n<p style=\"text-align: center;\">e-mail: <a href=\"mailto:biuro@scenacapitol.pl\">biuro@scenacapitol.pl<\/a><\/p>\n<p style=\"text-align: center;\"><strong>event manager<\/strong><\/p>\n<p style=\"text-align: center;\">e-mail:\u00a0<a href=\"mailto:eventy@teatrcapitol.pl\">eventy@teatrcapitol.pl<\/a><\/p>\n<div style=\"text-align: center;\">\n<p>Dorota \u017burowska<\/p>\n<p>tel.: (+48)\u00a0606 963 385<\/p>\n<p>e-mail:<a href=\"mailto:dorota.zurowska@teatrcapitol.pl\">\u00a0dorota.zurowska@teatrcapitol.pl<\/a><\/p>\n<\/div>\n<p style=\"text-align: center;\">Mateusz Borowik<\/p>\n<p style=\"text-align: center;\">tel.: (+48) 884 777\u00a0 570<\/p>\n<p style=\"text-align: center;\">e-mail:\u00a0<a href=\"mailto:mateusz.borowik@teatrcapitol.pl\" target=\"_self\" rel=\"noopener noreferrer\">mateusz.borowik@teatrcapitol.pl<\/a><\/p>\n<p style=\"text-align: center;\"><strong>impresario<\/strong><\/p>\n<p style=\"text-align: center;\">Mariola Feli\u0144ska<\/p>\n<p style=\"text-align: center;\">tel.: (+48) 505 128 390<\/p>\n<p style=\"text-align: center;\">e-mail: <a href=\"mailto:mariola.felinska@teatrcapitol.pl\">mariola.felinska@teatrcapitol.pl<\/a><\/p>\n<p style=\"text-align: center;\"><strong>contact for media \/ <\/strong><strong>marketing manager\/ advertising<\/strong><\/p>\n<p style=\"text-align: center;\">Ma\u0142gorzata Krysiak<\/p>\n<p style=\"text-align: center;\">tel.: (+48) 884 777 549<\/p>\n<p style=\"text-align: center;\">e-mail:\u00a0<a href=\"mailto:malgorzata.krysiak@teatrcapitol.pl\">malgorzata.krysiak@teatrcapitol.pl<\/a><\/p>\n","protected":false},"excerpt":{"rendered":"<p>For any inquiries or questions regarding our theatre, tickets and prices,\u00a0feel free to contact us. Ela Krawczykowska-Soboci\u0144ska English-speaking contact ela@teatrcapitol.pl TEATR CAPITOL ul. Marsza\u0142kowska 115 (next to Plac Bankowy and Metro Ratusz-Arsena\u0142)&#8230;<\/p>\n","protected":false},"author":1,"featured_media":0,"parent":0,"menu_order":0,"comment_status":"open","ping_status":"open","template":"p-kontakt.php","meta":{"_acf_changed":false,"footnotes":""},"class_list":["post-1240","page","type-page","status-publish","hentry"],"acf":[],"yoast_head":"<!-- This site is optimized with the Yoast SEO Premium plugin v21.9 (Yoast SEO v27.4) - https:\/\/yoast.com\/product\/yoast-seo-premium-wordpress\/ -->\n<title>CONTACT - Teatr Capitol Warszawa<\/title>\n<meta name=\"description\" content=\"We invite you to CAPITOL - a place unique on a European scale, combining a theater and a music club. We are waiting for you in the center of Warsaw!\" \/>\n<meta name=\"robots\" content=\"index, follow, max-snippet:-1, max-image-preview:large, max-video-preview:-1\" \/>\n<link rel=\"canonical\" href=\"https:\/\/teatrcapitol.pl\/en\/contact\/\" \/>\n<meta property=\"og:locale\" content=\"en_US\" \/>\n<meta property=\"og:type\" content=\"article\" \/>\n<meta property=\"og:title\" content=\"CONTACT\" \/>\n<meta property=\"og:description\" content=\"We invite you to CAPITOL - a place unique on a European scale, combining a theater and a music club. We are waiting for you in the center of Warsaw!\" \/>\n<meta property=\"og:url\" content=\"https:\/\/teatrcapitol.pl\/en\/contact\/\" \/>\n<meta property=\"og:site_name\" content=\"Teatr Capitol Warszawa\" \/>\n<meta property=\"article:publisher\" content=\"https:\/\/www.facebook.com\/Teatr.Capitol.Warszawa\" \/>\n<meta property=\"article:modified_time\" content=\"2023-01-04T09:37:05+00:00\" \/>\n<meta name=\"twitter:card\" content=\"summary_large_image\" \/>\n<meta name=\"twitter:label1\" content=\"Est. reading time\" \/>\n\t<meta name=\"twitter:data1\" content=\"2 minutes\" \/>\n<script type=\"application\/ld+json\" class=\"yoast-schema-graph\">{\"@context\":\"https:\\\/\\\/schema.org\",\"@graph\":[{\"@type\":\"WebPage\",\"@id\":\"https:\\\/\\\/teatrcapitol.pl\\\/en\\\/contact\\\/\",\"url\":\"https:\\\/\\\/teatrcapitol.pl\\\/en\\\/contact\\\/\",\"name\":\"CONTACT - Teatr Capitol Warszawa\",\"isPartOf\":{\"@id\":\"https:\\\/\\\/teatrcapitol.pl\\\/#website\"},\"datePublished\":\"2016-02-12T13:43:40+00:00\",\"dateModified\":\"2023-01-04T09:37:05+00:00\",\"description\":\"We invite you to CAPITOL - a place unique on a European scale, combining a theater and a music club. We are waiting for you in the center of Warsaw!\",\"breadcrumb\":{\"@id\":\"https:\\\/\\\/teatrcapitol.pl\\\/en\\\/contact\\\/#breadcrumb\"},\"inLanguage\":\"en-US\",\"potentialAction\":[{\"@type\":\"ReadAction\",\"target\":[\"https:\\\/\\\/teatrcapitol.pl\\\/en\\\/contact\\\/\"]}]},{\"@type\":\"BreadcrumbList\",\"@id\":\"https:\\\/\\\/teatrcapitol.pl\\\/en\\\/contact\\\/#breadcrumb\",\"itemListElement\":[{\"@type\":\"ListItem\",\"position\":1,\"name\":\"Strona g\u0142\u00f3wna\",\"item\":\"https:\\\/\\\/teatrcapitol.pl\\\/en\\\/\"},{\"@type\":\"ListItem\",\"position\":2,\"name\":\"CONTACT\"}]},{\"@type\":\"WebSite\",\"@id\":\"https:\\\/\\\/teatrcapitol.pl\\\/#website\",\"url\":\"https:\\\/\\\/teatrcapitol.pl\\\/\",\"name\":\"Teatr Capitol Warszawa\",\"description\":\"Teatr Capitol Warszawa\",\"publisher\":{\"@id\":\"https:\\\/\\\/teatrcapitol.pl\\\/#organization\"},\"potentialAction\":[{\"@type\":\"SearchAction\",\"target\":{\"@type\":\"EntryPoint\",\"urlTemplate\":\"https:\\\/\\\/teatrcapitol.pl\\\/?s={search_term_string}\"},\"query-input\":{\"@type\":\"PropertyValueSpecification\",\"valueRequired\":true,\"valueName\":\"search_term_string\"}}],\"inLanguage\":\"en-US\"},{\"@type\":\"Organization\",\"@id\":\"https:\\\/\\\/teatrcapitol.pl\\\/#organization\",\"name\":\"Teatr Capitol\",\"url\":\"https:\\\/\\\/teatrcapitol.pl\\\/\",\"logo\":{\"@type\":\"ImageObject\",\"inLanguage\":\"en-US\",\"@id\":\"https:\\\/\\\/teatrcapitol.pl\\\/#\\\/schema\\\/logo\\\/image\\\/\",\"url\":\"https:\\\/\\\/teatrcapitol.pl\\\/wp-content\\\/uploads\\\/2022\\\/09\\\/logo_teatrcapitol.png\",\"contentUrl\":\"https:\\\/\\\/teatrcapitol.pl\\\/wp-content\\\/uploads\\\/2022\\\/09\\\/logo_teatrcapitol.png\",\"width\":910,\"height\":90,\"caption\":\"Teatr Capitol\"},\"image\":{\"@id\":\"https:\\\/\\\/teatrcapitol.pl\\\/#\\\/schema\\\/logo\\\/image\\\/\"},\"sameAs\":[\"https:\\\/\\\/www.facebook.com\\\/Teatr.Capitol.Warszawa\",\"https:\\\/\\\/www.instagram.com\\\/teatrcapitolwarsaw\\\/\",\"https:\\\/\\\/www.youtube.com\\\/user\\\/teatrcapitol1\",\"https:\\\/\\\/pl.tripadvisor.com\\\/Attraction_Review-g274856-d7645699-Reviews-Capitol_Theatre_Scene-Warsaw_Mazovia_Province_Central_Poland.html\"]}]}<\/script>\n<!-- \/ Yoast SEO Premium plugin. -->","yoast_head_json":{"title":"CONTACT - Teatr Capitol Warszawa","description":"We invite you to CAPITOL - a place unique on a European scale, combining a theater and a music club. We are waiting for you in the center of Warsaw!","robots":{"index":"index","follow":"follow","max-snippet":"max-snippet:-1","max-image-preview":"max-image-preview:large","max-video-preview":"max-video-preview:-1"},"canonical":"https:\/\/teatrcapitol.pl\/en\/contact\/","og_locale":"en_US","og_type":"article","og_title":"CONTACT","og_description":"We invite you to CAPITOL - a place unique on a European scale, combining a theater and a music club. We are waiting for you in the center of Warsaw!","og_url":"https:\/\/teatrcapitol.pl\/en\/contact\/","og_site_name":"Teatr Capitol Warszawa","article_publisher":"https:\/\/www.facebook.com\/Teatr.Capitol.Warszawa","article_modified_time":"2023-01-04T09:37:05+00:00","twitter_card":"summary_large_image","twitter_misc":{"Est. reading time":"2 minutes"},"schema":{"@context":"https:\/\/schema.org","@graph":[{"@type":"WebPage","@id":"https:\/\/teatrcapitol.pl\/en\/contact\/","url":"https:\/\/teatrcapitol.pl\/en\/contact\/","name":"CONTACT - Teatr Capitol Warszawa","isPartOf":{"@id":"https:\/\/teatrcapitol.pl\/#website"},"datePublished":"2016-02-12T13:43:40+00:00","dateModified":"2023-01-04T09:37:05+00:00","description":"We invite you to CAPITOL - a place unique on a European scale, combining a theater and a music club. We are waiting for you in the center of Warsaw!","breadcrumb":{"@id":"https:\/\/teatrcapitol.pl\/en\/contact\/#breadcrumb"},"inLanguage":"en-US","potentialAction":[{"@type":"ReadAction","target":["https:\/\/teatrcapitol.pl\/en\/contact\/"]}]},{"@type":"BreadcrumbList","@id":"https:\/\/teatrcapitol.pl\/en\/contact\/#breadcrumb","itemListElement":[{"@type":"ListItem","position":1,"name":"Strona g\u0142\u00f3wna","item":"https:\/\/teatrcapitol.pl\/en\/"},{"@type":"ListItem","position":2,"name":"CONTACT"}]},{"@type":"WebSite","@id":"https:\/\/teatrcapitol.pl\/#website","url":"https:\/\/teatrcapitol.pl\/","name":"Teatr Capitol Warszawa","description":"Teatr Capitol Warszawa","publisher":{"@id":"https:\/\/teatrcapitol.pl\/#organization"},"potentialAction":[{"@type":"SearchAction","target":{"@type":"EntryPoint","urlTemplate":"https:\/\/teatrcapitol.pl\/?s={search_term_string}"},"query-input":{"@type":"PropertyValueSpecification","valueRequired":true,"valueName":"search_term_string"}}],"inLanguage":"en-US"},{"@type":"Organization","@id":"https:\/\/teatrcapitol.pl\/#organization","name":"Teatr Capitol","url":"https:\/\/teatrcapitol.pl\/","logo":{"@type":"ImageObject","inLanguage":"en-US","@id":"https:\/\/teatrcapitol.pl\/#\/schema\/logo\/image\/","url":"https:\/\/teatrcapitol.pl\/wp-content\/uploads\/2022\/09\/logo_teatrcapitol.png","contentUrl":"https:\/\/teatrcapitol.pl\/wp-content\/uploads\/2022\/09\/logo_teatrcapitol.png","width":910,"height":90,"caption":"Teatr Capitol"},"image":{"@id":"https:\/\/teatrcapitol.pl\/#\/schema\/logo\/image\/"},"sameAs":["https:\/\/www.facebook.com\/Teatr.Capitol.Warszawa","https:\/\/www.instagram.com\/teatrcapitolwarsaw\/","https:\/\/www.youtube.com\/user\/teatrcapitol1","https:\/\/pl.tripadvisor.com\/Attraction_Review-g274856-d7645699-Reviews-Capitol_Theatre_Scene-Warsaw_Mazovia_Province_Central_Poland.html"]}]}},"publishpress_future_workflow_manual_trigger":{"enabledWorkflows":[]},"_links":{"self":[{"href":"https:\/\/teatrcapitol.pl\/en\/wp-json\/wp\/v2\/pages\/1240","targetHints":{"allow":["GET"]}}],"collection":[{"href":"https:\/\/teatrcapitol.pl\/en\/wp-json\/wp\/v2\/pages"}],"about":[{"href":"https:\/\/teatrcapitol.pl\/en\/wp-json\/wp\/v2\/types\/page"}],"author":[{"embeddable":true,"href":"https:\/\/teatrcapitol.pl\/en\/wp-json\/wp\/v2\/users\/1"}],"replies":[{"embeddable":true,"href":"https:\/\/teatrcapitol.pl\/en\/wp-json\/wp\/v2\/comments?post=1240"}],"version-history":[{"count":5,"href":"https:\/\/teatrcapitol.pl\/en\/wp-json\/wp\/v2\/pages\/1240\/revisions"}],"predecessor-version":[{"id":16791,"href":"https:\/\/teatrcapitol.pl\/en\/wp-json\/wp\/v2\/pages\/1240\/revisions\/16791"}],"wp:attachment":[{"href":"https:\/\/teatrcapitol.pl\/en\/wp-json\/wp\/v2\/media?parent=1240"}],"curies":[{"name":"wp","href":"https:\/\/api.w.org\/{rel}","templated":true}]}}