{"id":1272,"date":"2016-02-15T14:06:03","date_gmt":"2016-02-15T13:06:03","guid":{"rendered":"http:\/\/teatrcapitol.pl\/?page_id=1272"},"modified":"2016-02-15T14:06:03","modified_gmt":"2016-02-15T13:06:03","slug":"theatre-capitol","status":"publish","type":"page","link":"https:\/\/teatrcapitol.pl\/en\/cooperation\/theatre-capitol\/","title":{"rendered":"Teatr Capitol"},"content":{"rendered":"<p>Teatr Capitol was founded in 2008, where Cinema Capitol used to be. It was created with passion and courage of its founders \u2013 Anna Gornostaj, a theatre and film actress, and her husband Stanislaw Maczynski.<\/p>\n<p><em>\u201cThis is greatest work of our lives!\u201d<\/em> \u2013 they say.<\/p>\n<p>As soon as you enter, you\u2019ll notice how unique this place is \u2013 the interior surprises guests with the design and colorful foyer. Even the chairs, created by Dorota Banasik, are unique and were decorated with real costumes. The plays are stage on two modern stages \u2013 Main Stage and Small Stage. They both have comfortable amphitheater auditorium and are equipped with air conditioning.<\/p>\n<p>Teatr Capitol is truly one of a kind. A theater and a club under one roof is an innovative idea. Both the club and the theater are famous within the local community. We have the best and most famous actors and actresses in our team.<\/p>\n<p>They include: Krzysztof Tyniec, Olga Bo\u0144czyk, Hanna \u015aleszy\u0144ska, Artur Barci\u015b, Piotr Cyrwus, Piotr G\u0105sowski, Cezary \u017bak, Jerzy Gudejko, Joanna Brodzik, Daria Widawska, Katarzyna Skrzynecka, Viola Arlak, Marta Wierzbicka, \u0141ukasz Nowicki, Joanna Moro, Rafa\u0142 Cieszy\u0144ski, Katarzyna Kwiatkowska, Magdalena Zawadzka, Micha\u0142 Piela, Dorota Chotecka, Maja Bohosiewicz, Zofia Zborowska, Jacek Lenartowicz, Wojciech Wysocki and Anna Gornostaj the CEO of the theater.<\/p>\n<p>Teatr Capitol is a place for the whole family. We have morning plays for small children and educational shows for school kids. Thanks to a diverse repertoire every child will find something they fancy!<\/p>\n<p>Our theater offers the audience a high level of entertainment with our excellent shows and celebrities!<\/p>\n","protected":false},"excerpt":{"rendered":"<p>Teatr Capitol was founded in 2008, where Cinema Capitol used to be. It was created with passion and courage of its founders \u2013 Anna Gornostaj, a theatre and film actress, and her&#8230;<\/p>\n","protected":false},"author":1,"featured_media":0,"parent":1260,"menu_order":0,"comment_status":"open","ping_status":"open","template":"p-teatr_capitol.php","meta":{"_acf_changed":false,"footnotes":""},"class_list":["post-1272","page","type-page","status-publish","hentry"],"acf":[],"yoast_head":"<!-- This site is optimized with the Yoast SEO Premium plugin v21.9 (Yoast SEO v27.4) - https:\/\/yoast.com\/product\/yoast-seo-premium-wordpress\/ -->\n<title>Teatr Capitol - Teatr Capitol Warszawa<\/title>\n<meta name=\"robots\" content=\"index, follow, max-snippet:-1, max-image-preview:large, max-video-preview:-1\" \/>\n<link rel=\"canonical\" href=\"https:\/\/teatrcapitol.pl\/en\/cooperation\/theatre-capitol\/\" \/>\n<meta property=\"og:locale\" content=\"en_US\" \/>\n<meta property=\"og:type\" content=\"article\" \/>\n<meta property=\"og:title\" content=\"Teatr Capitol\" \/>\n<meta property=\"og:description\" content=\"Teatr Capitol was founded in 2008, where Cinema Capitol used to be. It was created with passion and courage of its founders \u2013 Anna Gornostaj, a theatre and film actress, and her...\" \/>\n<meta property=\"og:url\" content=\"https:\/\/teatrcapitol.pl\/en\/cooperation\/theatre-capitol\/\" \/>\n<meta property=\"og:site_name\" content=\"Teatr Capitol Warszawa\" \/>\n<meta property=\"article:publisher\" content=\"https:\/\/www.facebook.com\/Teatr.Capitol.Warszawa\" \/>\n<meta name=\"twitter:card\" content=\"summary_large_image\" \/>\n<meta name=\"twitter:label1\" content=\"Est. reading time\" \/>\n\t<meta name=\"twitter:data1\" content=\"1 minute\" \/>\n<script type=\"application\/ld+json\" class=\"yoast-schema-graph\">{\"@context\":\"https:\\\/\\\/schema.org\",\"@graph\":[{\"@type\":\"WebPage\",\"@id\":\"https:\\\/\\\/teatrcapitol.pl\\\/en\\\/cooperation\\\/theatre-capitol\\\/\",\"url\":\"https:\\\/\\\/teatrcapitol.pl\\\/en\\\/cooperation\\\/theatre-capitol\\\/\",\"name\":\"Teatr Capitol - Teatr Capitol Warszawa\",\"isPartOf\":{\"@id\":\"https:\\\/\\\/teatrcapitol.pl\\\/#website\"},\"datePublished\":\"2016-02-15T13:06:03+00:00\",\"breadcrumb\":{\"@id\":\"https:\\\/\\\/teatrcapitol.pl\\\/en\\\/cooperation\\\/theatre-capitol\\\/#breadcrumb\"},\"inLanguage\":\"en-US\",\"potentialAction\":[{\"@type\":\"ReadAction\",\"target\":[\"https:\\\/\\\/teatrcapitol.pl\\\/en\\\/cooperation\\\/theatre-capitol\\\/\"]}]},{\"@type\":\"BreadcrumbList\",\"@id\":\"https:\\\/\\\/teatrcapitol.pl\\\/en\\\/cooperation\\\/theatre-capitol\\\/#breadcrumb\",\"itemListElement\":[{\"@type\":\"ListItem\",\"position\":1,\"name\":\"Strona g\u0142\u00f3wna\",\"item\":\"https:\\\/\\\/teatrcapitol.pl\\\/en\\\/\"},{\"@type\":\"ListItem\",\"position\":2,\"name\":\"COLLABORATION\",\"item\":\"https:\\\/\\\/teatrcapitol.pl\\\/en\\\/cooperation\\\/\"},{\"@type\":\"ListItem\",\"position\":3,\"name\":\"Teatr Capitol\"}]},{\"@type\":\"WebSite\",\"@id\":\"https:\\\/\\\/teatrcapitol.pl\\\/#website\",\"url\":\"https:\\\/\\\/teatrcapitol.pl\\\/\",\"name\":\"Teatr Capitol Warszawa\",\"description\":\"Teatr Capitol Warszawa\",\"publisher\":{\"@id\":\"https:\\\/\\\/teatrcapitol.pl\\\/#organization\"},\"potentialAction\":[{\"@type\":\"SearchAction\",\"target\":{\"@type\":\"EntryPoint\",\"urlTemplate\":\"https:\\\/\\\/teatrcapitol.pl\\\/?s={search_term_string}\"},\"query-input\":{\"@type\":\"PropertyValueSpecification\",\"valueRequired\":true,\"valueName\":\"search_term_string\"}}],\"inLanguage\":\"en-US\"},{\"@type\":\"Organization\",\"@id\":\"https:\\\/\\\/teatrcapitol.pl\\\/#organization\",\"name\":\"Teatr Capitol\",\"url\":\"https:\\\/\\\/teatrcapitol.pl\\\/\",\"logo\":{\"@type\":\"ImageObject\",\"inLanguage\":\"en-US\",\"@id\":\"https:\\\/\\\/teatrcapitol.pl\\\/#\\\/schema\\\/logo\\\/image\\\/\",\"url\":\"https:\\\/\\\/teatrcapitol.pl\\\/wp-content\\\/uploads\\\/2022\\\/09\\\/logo_teatrcapitol.png\",\"contentUrl\":\"https:\\\/\\\/teatrcapitol.pl\\\/wp-content\\\/uploads\\\/2022\\\/09\\\/logo_teatrcapitol.png\",\"width\":910,\"height\":90,\"caption\":\"Teatr Capitol\"},\"image\":{\"@id\":\"https:\\\/\\\/teatrcapitol.pl\\\/#\\\/schema\\\/logo\\\/image\\\/\"},\"sameAs\":[\"https:\\\/\\\/www.facebook.com\\\/Teatr.Capitol.Warszawa\",\"https:\\\/\\\/www.instagram.com\\\/teatrcapitolwarsaw\\\/\",\"https:\\\/\\\/www.youtube.com\\\/user\\\/teatrcapitol1\",\"https:\\\/\\\/pl.tripadvisor.com\\\/Attraction_Review-g274856-d7645699-Reviews-Capitol_Theatre_Scene-Warsaw_Mazovia_Province_Central_Poland.html\"]}]}<\/script>\n<!-- \/ Yoast SEO Premium plugin. -->","yoast_head_json":{"title":"Teatr Capitol - Teatr Capitol Warszawa","robots":{"index":"index","follow":"follow","max-snippet":"max-snippet:-1","max-image-preview":"max-image-preview:large","max-video-preview":"max-video-preview:-1"},"canonical":"https:\/\/teatrcapitol.pl\/en\/cooperation\/theatre-capitol\/","og_locale":"en_US","og_type":"article","og_title":"Teatr Capitol","og_description":"Teatr Capitol was founded in 2008, where Cinema Capitol used to be. It was created with passion and courage of its founders \u2013 Anna Gornostaj, a theatre and film actress, and her...","og_url":"https:\/\/teatrcapitol.pl\/en\/cooperation\/theatre-capitol\/","og_site_name":"Teatr Capitol Warszawa","article_publisher":"https:\/\/www.facebook.com\/Teatr.Capitol.Warszawa","twitter_card":"summary_large_image","twitter_misc":{"Est. reading time":"1 minute"},"schema":{"@context":"https:\/\/schema.org","@graph":[{"@type":"WebPage","@id":"https:\/\/teatrcapitol.pl\/en\/cooperation\/theatre-capitol\/","url":"https:\/\/teatrcapitol.pl\/en\/cooperation\/theatre-capitol\/","name":"Teatr Capitol - Teatr Capitol Warszawa","isPartOf":{"@id":"https:\/\/teatrcapitol.pl\/#website"},"datePublished":"2016-02-15T13:06:03+00:00","breadcrumb":{"@id":"https:\/\/teatrcapitol.pl\/en\/cooperation\/theatre-capitol\/#breadcrumb"},"inLanguage":"en-US","potentialAction":[{"@type":"ReadAction","target":["https:\/\/teatrcapitol.pl\/en\/cooperation\/theatre-capitol\/"]}]},{"@type":"BreadcrumbList","@id":"https:\/\/teatrcapitol.pl\/en\/cooperation\/theatre-capitol\/#breadcrumb","itemListElement":[{"@type":"ListItem","position":1,"name":"Strona g\u0142\u00f3wna","item":"https:\/\/teatrcapitol.pl\/en\/"},{"@type":"ListItem","position":2,"name":"COLLABORATION","item":"https:\/\/teatrcapitol.pl\/en\/cooperation\/"},{"@type":"ListItem","position":3,"name":"Teatr Capitol"}]},{"@type":"WebSite","@id":"https:\/\/teatrcapitol.pl\/#website","url":"https:\/\/teatrcapitol.pl\/","name":"Teatr Capitol Warszawa","description":"Teatr Capitol Warszawa","publisher":{"@id":"https:\/\/teatrcapitol.pl\/#organization"},"potentialAction":[{"@type":"SearchAction","target":{"@type":"EntryPoint","urlTemplate":"https:\/\/teatrcapitol.pl\/?s={search_term_string}"},"query-input":{"@type":"PropertyValueSpecification","valueRequired":true,"valueName":"search_term_string"}}],"inLanguage":"en-US"},{"@type":"Organization","@id":"https:\/\/teatrcapitol.pl\/#organization","name":"Teatr Capitol","url":"https:\/\/teatrcapitol.pl\/","logo":{"@type":"ImageObject","inLanguage":"en-US","@id":"https:\/\/teatrcapitol.pl\/#\/schema\/logo\/image\/","url":"https:\/\/teatrcapitol.pl\/wp-content\/uploads\/2022\/09\/logo_teatrcapitol.png","contentUrl":"https:\/\/teatrcapitol.pl\/wp-content\/uploads\/2022\/09\/logo_teatrcapitol.png","width":910,"height":90,"caption":"Teatr Capitol"},"image":{"@id":"https:\/\/teatrcapitol.pl\/#\/schema\/logo\/image\/"},"sameAs":["https:\/\/www.facebook.com\/Teatr.Capitol.Warszawa","https:\/\/www.instagram.com\/teatrcapitolwarsaw\/","https:\/\/www.youtube.com\/user\/teatrcapitol1","https:\/\/pl.tripadvisor.com\/Attraction_Review-g274856-d7645699-Reviews-Capitol_Theatre_Scene-Warsaw_Mazovia_Province_Central_Poland.html"]}]}},"publishpress_future_workflow_manual_trigger":{"enabledWorkflows":[]},"_links":{"self":[{"href":"https:\/\/teatrcapitol.pl\/en\/wp-json\/wp\/v2\/pages\/1272","targetHints":{"allow":["GET"]}}],"collection":[{"href":"https:\/\/teatrcapitol.pl\/en\/wp-json\/wp\/v2\/pages"}],"about":[{"href":"https:\/\/teatrcapitol.pl\/en\/wp-json\/wp\/v2\/types\/page"}],"author":[{"embeddable":true,"href":"https:\/\/teatrcapitol.pl\/en\/wp-json\/wp\/v2\/users\/1"}],"replies":[{"embeddable":true,"href":"https:\/\/teatrcapitol.pl\/en\/wp-json\/wp\/v2\/comments?post=1272"}],"version-history":[{"count":0,"href":"https:\/\/teatrcapitol.pl\/en\/wp-json\/wp\/v2\/pages\/1272\/revisions"}],"up":[{"embeddable":true,"href":"https:\/\/teatrcapitol.pl\/en\/wp-json\/wp\/v2\/pages\/1260"}],"wp:attachment":[{"href":"https:\/\/teatrcapitol.pl\/en\/wp-json\/wp\/v2\/media?parent=1272"}],"curies":[{"name":"wp","href":"https:\/\/api.w.org\/{rel}","templated":true}]}}