{"id":1474,"date":"2015-09-23T19:35:42","date_gmt":"2015-09-23T17:35:42","guid":{"rendered":"http:\/\/teatrcapitol.pl\/?page_id=1474"},"modified":"2023-01-03T10:34:20","modified_gmt":"2023-01-03T09:34:20","slug":"eventy","status":"publish","type":"page","link":"https:\/\/teatrcapitol.pl\/en\/cooperation\/eventy\/","title":{"rendered":"Eventy"},"content":{"rendered":"<p>Unikalny na skal\u0119 Europy koncept po\u0142\u0105czenia klubu muzycznego i\u00a0teatru oraz wyj\u0105tkowe wn\u0119trza zainspirowane scenografi\u0105 teatraln\u0105 sprawia, \u017ce Klub i\u00a0Teatr Capitol jest jednym z\u00a0najciekawszych miejsc na kulturalno \u2013 rozrywkowej i\u00a0eventowej mapie Warszawy.<\/p>\n<p>Polecamy Pa\u0144stwa uwadze CAPITOL EVENTS \u2013 to wewn\u0119trzna agencja eventowa, wypracowana do\u015bwiadczeniem i\u00a0wsp\u00f3\u0142prac\u0105 z\u00a0szerokim gronem wyj\u0105tkowych klient\u00f3w \u2013 mediami i\u00a0liderami swej bran\u017cy. Jeste\u015bmy w\u00a0stanie zorganizowa\u0107 ka\u017cde wydarzenie od samej koncepcji po pe\u0142n\u0105 realizacj\u0119:<\/p>\n<p>&#8211; uroczyste gale i\u00a0konferencje<\/p>\n<p>&#8211; jubileusze i\u00a0rozdania nagr\u00f3d<\/p>\n<p>&#8211; prezentacje i\u00a0szkolenia<\/p>\n<p>&#8211; zamkni\u0119te spektakle teatralne z\u00a0repertuaru Teatru Capitol jako g\u0142\u00f3wna atrakcja lub cz\u0119\u015b\u0107 artystyczna ka\u017cdego wydarzenia<\/p>\n<p>&#8211; premiery i\u00a0pokazy nowych produkt\u00f3w<\/p>\n<p>&#8211; imprezy i\u00a0spotkania firmowe, integracyjne, \u015bwi\u0105teczne, tematyczne<\/p>\n<p>&#8211; pokazy mody, sesje zdj\u0119ciowe, produkcje tv i\u00a0filmowe<\/p>\n<p>&#8211; koncerty<\/p>\n<p>&nbsp;<\/p>\n<p>Przedstawiamy atuty Klubu i\u00a0Teatru Capitol:<\/p>\n<h2><\/h2>\n","protected":false},"excerpt":{"rendered":"<p>Unikalny na skal\u0119 Europy koncept po\u0142\u0105czenia klubu muzycznego i\u00a0teatru oraz wyj\u0105tkowe wn\u0119trza zainspirowane scenografi\u0105 teatraln\u0105 sprawia, \u017ce Klub i\u00a0Teatr Capitol jest jednym z\u00a0najciekawszych miejsc na kulturalno \u2013 rozrywkowej i\u00a0eventowej mapie Warszawy. Polecamy&#8230;<\/p>\n","protected":false},"author":1,"featured_media":0,"parent":1260,"menu_order":0,"comment_status":"open","ping_status":"closed","template":"p-events.php","meta":{"_acf_changed":false,"footnotes":""},"class_list":["post-1474","page","type-page","status-publish","hentry"],"acf":[],"yoast_head":"<!-- This site is optimized with the Yoast SEO Premium plugin v21.9 (Yoast SEO v27.4) - https:\/\/yoast.com\/product\/yoast-seo-premium-wordpress\/ -->\n<title>Eventy - Teatr Capitol Warszawa<\/title>\n<meta name=\"robots\" content=\"index, follow, max-snippet:-1, max-image-preview:large, max-video-preview:-1\" \/>\n<link rel=\"canonical\" href=\"https:\/\/teatrcapitol.pl\/en\/cooperation\/eventy\/\" \/>\n<meta property=\"og:locale\" content=\"en_US\" \/>\n<meta property=\"og:type\" content=\"article\" \/>\n<meta property=\"og:title\" content=\"Eventy\" \/>\n<meta property=\"og:description\" content=\"Unikalny na skal\u0119 Europy koncept po\u0142\u0105czenia klubu muzycznego i\u00a0teatru oraz wyj\u0105tkowe wn\u0119trza zainspirowane scenografi\u0105 teatraln\u0105 sprawia, \u017ce Klub i\u00a0Teatr Capitol jest jednym z\u00a0najciekawszych miejsc na kulturalno \u2013 rozrywkowej i\u00a0eventowej mapie Warszawy. Polecamy...\" \/>\n<meta property=\"og:url\" content=\"https:\/\/teatrcapitol.pl\/en\/cooperation\/eventy\/\" \/>\n<meta property=\"og:site_name\" content=\"Teatr Capitol Warszawa\" \/>\n<meta property=\"article:publisher\" content=\"https:\/\/www.facebook.com\/Teatr.Capitol.Warszawa\" \/>\n<meta property=\"article:modified_time\" content=\"2023-01-03T09:34:20+00:00\" \/>\n<meta name=\"twitter:card\" content=\"summary_large_image\" \/>\n<meta name=\"twitter:label1\" content=\"Est. reading time\" \/>\n\t<meta name=\"twitter:data1\" content=\"1 minute\" \/>\n<script type=\"application\/ld+json\" class=\"yoast-schema-graph\">{\"@context\":\"https:\\\/\\\/schema.org\",\"@graph\":[{\"@type\":\"WebPage\",\"@id\":\"https:\\\/\\\/teatrcapitol.pl\\\/en\\\/cooperation\\\/eventy\\\/\",\"url\":\"https:\\\/\\\/teatrcapitol.pl\\\/en\\\/cooperation\\\/eventy\\\/\",\"name\":\"Eventy - Teatr Capitol Warszawa\",\"isPartOf\":{\"@id\":\"https:\\\/\\\/teatrcapitol.pl\\\/#website\"},\"datePublished\":\"2015-09-23T17:35:42+00:00\",\"dateModified\":\"2023-01-03T09:34:20+00:00\",\"breadcrumb\":{\"@id\":\"https:\\\/\\\/teatrcapitol.pl\\\/en\\\/cooperation\\\/eventy\\\/#breadcrumb\"},\"inLanguage\":\"en-US\",\"potentialAction\":[{\"@type\":\"ReadAction\",\"target\":[\"https:\\\/\\\/teatrcapitol.pl\\\/en\\\/cooperation\\\/eventy\\\/\"]}]},{\"@type\":\"BreadcrumbList\",\"@id\":\"https:\\\/\\\/teatrcapitol.pl\\\/en\\\/cooperation\\\/eventy\\\/#breadcrumb\",\"itemListElement\":[{\"@type\":\"ListItem\",\"position\":1,\"name\":\"Strona g\u0142\u00f3wna\",\"item\":\"https:\\\/\\\/teatrcapitol.pl\\\/en\\\/\"},{\"@type\":\"ListItem\",\"position\":2,\"name\":\"COLLABORATION\",\"item\":\"https:\\\/\\\/teatrcapitol.pl\\\/en\\\/cooperation\\\/\"},{\"@type\":\"ListItem\",\"position\":3,\"name\":\"Eventy\"}]},{\"@type\":\"WebSite\",\"@id\":\"https:\\\/\\\/teatrcapitol.pl\\\/#website\",\"url\":\"https:\\\/\\\/teatrcapitol.pl\\\/\",\"name\":\"Teatr Capitol Warszawa\",\"description\":\"Teatr Capitol Warszawa\",\"publisher\":{\"@id\":\"https:\\\/\\\/teatrcapitol.pl\\\/#organization\"},\"potentialAction\":[{\"@type\":\"SearchAction\",\"target\":{\"@type\":\"EntryPoint\",\"urlTemplate\":\"https:\\\/\\\/teatrcapitol.pl\\\/?s={search_term_string}\"},\"query-input\":{\"@type\":\"PropertyValueSpecification\",\"valueRequired\":true,\"valueName\":\"search_term_string\"}}],\"inLanguage\":\"en-US\"},{\"@type\":\"Organization\",\"@id\":\"https:\\\/\\\/teatrcapitol.pl\\\/#organization\",\"name\":\"Teatr Capitol\",\"url\":\"https:\\\/\\\/teatrcapitol.pl\\\/\",\"logo\":{\"@type\":\"ImageObject\",\"inLanguage\":\"en-US\",\"@id\":\"https:\\\/\\\/teatrcapitol.pl\\\/#\\\/schema\\\/logo\\\/image\\\/\",\"url\":\"https:\\\/\\\/teatrcapitol.pl\\\/wp-content\\\/uploads\\\/2022\\\/09\\\/logo_teatrcapitol.png\",\"contentUrl\":\"https:\\\/\\\/teatrcapitol.pl\\\/wp-content\\\/uploads\\\/2022\\\/09\\\/logo_teatrcapitol.png\",\"width\":910,\"height\":90,\"caption\":\"Teatr Capitol\"},\"image\":{\"@id\":\"https:\\\/\\\/teatrcapitol.pl\\\/#\\\/schema\\\/logo\\\/image\\\/\"},\"sameAs\":[\"https:\\\/\\\/www.facebook.com\\\/Teatr.Capitol.Warszawa\",\"https:\\\/\\\/www.instagram.com\\\/teatrcapitolwarsaw\\\/\",\"https:\\\/\\\/www.youtube.com\\\/user\\\/teatrcapitol1\",\"https:\\\/\\\/pl.tripadvisor.com\\\/Attraction_Review-g274856-d7645699-Reviews-Capitol_Theatre_Scene-Warsaw_Mazovia_Province_Central_Poland.html\"]}]}<\/script>\n<!-- \/ Yoast SEO Premium plugin. -->","yoast_head_json":{"title":"Eventy - Teatr Capitol Warszawa","robots":{"index":"index","follow":"follow","max-snippet":"max-snippet:-1","max-image-preview":"max-image-preview:large","max-video-preview":"max-video-preview:-1"},"canonical":"https:\/\/teatrcapitol.pl\/en\/cooperation\/eventy\/","og_locale":"en_US","og_type":"article","og_title":"Eventy","og_description":"Unikalny na skal\u0119 Europy koncept po\u0142\u0105czenia klubu muzycznego i\u00a0teatru oraz wyj\u0105tkowe wn\u0119trza zainspirowane scenografi\u0105 teatraln\u0105 sprawia, \u017ce Klub i\u00a0Teatr Capitol jest jednym z\u00a0najciekawszych miejsc na kulturalno \u2013 rozrywkowej i\u00a0eventowej mapie Warszawy. Polecamy...","og_url":"https:\/\/teatrcapitol.pl\/en\/cooperation\/eventy\/","og_site_name":"Teatr Capitol Warszawa","article_publisher":"https:\/\/www.facebook.com\/Teatr.Capitol.Warszawa","article_modified_time":"2023-01-03T09:34:20+00:00","twitter_card":"summary_large_image","twitter_misc":{"Est. reading time":"1 minute"},"schema":{"@context":"https:\/\/schema.org","@graph":[{"@type":"WebPage","@id":"https:\/\/teatrcapitol.pl\/en\/cooperation\/eventy\/","url":"https:\/\/teatrcapitol.pl\/en\/cooperation\/eventy\/","name":"Eventy - Teatr Capitol Warszawa","isPartOf":{"@id":"https:\/\/teatrcapitol.pl\/#website"},"datePublished":"2015-09-23T17:35:42+00:00","dateModified":"2023-01-03T09:34:20+00:00","breadcrumb":{"@id":"https:\/\/teatrcapitol.pl\/en\/cooperation\/eventy\/#breadcrumb"},"inLanguage":"en-US","potentialAction":[{"@type":"ReadAction","target":["https:\/\/teatrcapitol.pl\/en\/cooperation\/eventy\/"]}]},{"@type":"BreadcrumbList","@id":"https:\/\/teatrcapitol.pl\/en\/cooperation\/eventy\/#breadcrumb","itemListElement":[{"@type":"ListItem","position":1,"name":"Strona g\u0142\u00f3wna","item":"https:\/\/teatrcapitol.pl\/en\/"},{"@type":"ListItem","position":2,"name":"COLLABORATION","item":"https:\/\/teatrcapitol.pl\/en\/cooperation\/"},{"@type":"ListItem","position":3,"name":"Eventy"}]},{"@type":"WebSite","@id":"https:\/\/teatrcapitol.pl\/#website","url":"https:\/\/teatrcapitol.pl\/","name":"Teatr Capitol Warszawa","description":"Teatr Capitol Warszawa","publisher":{"@id":"https:\/\/teatrcapitol.pl\/#organization"},"potentialAction":[{"@type":"SearchAction","target":{"@type":"EntryPoint","urlTemplate":"https:\/\/teatrcapitol.pl\/?s={search_term_string}"},"query-input":{"@type":"PropertyValueSpecification","valueRequired":true,"valueName":"search_term_string"}}],"inLanguage":"en-US"},{"@type":"Organization","@id":"https:\/\/teatrcapitol.pl\/#organization","name":"Teatr Capitol","url":"https:\/\/teatrcapitol.pl\/","logo":{"@type":"ImageObject","inLanguage":"en-US","@id":"https:\/\/teatrcapitol.pl\/#\/schema\/logo\/image\/","url":"https:\/\/teatrcapitol.pl\/wp-content\/uploads\/2022\/09\/logo_teatrcapitol.png","contentUrl":"https:\/\/teatrcapitol.pl\/wp-content\/uploads\/2022\/09\/logo_teatrcapitol.png","width":910,"height":90,"caption":"Teatr Capitol"},"image":{"@id":"https:\/\/teatrcapitol.pl\/#\/schema\/logo\/image\/"},"sameAs":["https:\/\/www.facebook.com\/Teatr.Capitol.Warszawa","https:\/\/www.instagram.com\/teatrcapitolwarsaw\/","https:\/\/www.youtube.com\/user\/teatrcapitol1","https:\/\/pl.tripadvisor.com\/Attraction_Review-g274856-d7645699-Reviews-Capitol_Theatre_Scene-Warsaw_Mazovia_Province_Central_Poland.html"]}]}},"publishpress_future_workflow_manual_trigger":{"enabledWorkflows":[]},"_links":{"self":[{"href":"https:\/\/teatrcapitol.pl\/en\/wp-json\/wp\/v2\/pages\/1474","targetHints":{"allow":["GET"]}}],"collection":[{"href":"https:\/\/teatrcapitol.pl\/en\/wp-json\/wp\/v2\/pages"}],"about":[{"href":"https:\/\/teatrcapitol.pl\/en\/wp-json\/wp\/v2\/types\/page"}],"author":[{"embeddable":true,"href":"https:\/\/teatrcapitol.pl\/en\/wp-json\/wp\/v2\/users\/1"}],"replies":[{"embeddable":true,"href":"https:\/\/teatrcapitol.pl\/en\/wp-json\/wp\/v2\/comments?post=1474"}],"version-history":[{"count":1,"href":"https:\/\/teatrcapitol.pl\/en\/wp-json\/wp\/v2\/pages\/1474\/revisions"}],"predecessor-version":[{"id":19926,"href":"https:\/\/teatrcapitol.pl\/en\/wp-json\/wp\/v2\/pages\/1474\/revisions\/19926"}],"up":[{"embeddable":true,"href":"https:\/\/teatrcapitol.pl\/en\/wp-json\/wp\/v2\/pages\/1260"}],"wp:attachment":[{"href":"https:\/\/teatrcapitol.pl\/en\/wp-json\/wp\/v2\/media?parent=1474"}],"curies":[{"name":"wp","href":"https:\/\/api.w.org\/{rel}","templated":true}]}}