{"id":5698,"date":"2018-07-30T17:31:36","date_gmt":"2018-07-30T15:31:36","guid":{"rendered":"https:\/\/teatrcapitol.pl\/?page_id=5698"},"modified":"2023-01-04T10:34:58","modified_gmt":"2023-01-04T09:34:58","slug":"polityka-cookies","status":"publish","type":"page","link":"https:\/\/teatrcapitol.pl\/en\/polityka-cookies\/","title":{"rendered":"Polityka cookies"},"content":{"rendered":"<p>Stosowane przez Administratora Cookies s\u0105 bezpieczne dla Urz\u0105dzenia U\u017cytkownika. Pliki te pozwalaj\u0105 zidentyfikowa\u0107 oprogramowanie wykorzystywane przez U\u017cytkownika i dostosowa\u0107 Serwis indywidualnie ka\u017cdemu U\u017cytkownikowi. Cookies zazwyczaj zawieraj\u0105 nazw\u0119 domeny z kt\u00f3rej pochodz\u0105, czas przechowywania ich na Urz\u0105dzeniu oraz przypisan\u0105 warto\u015b\u0107.<\/p>\n<p><strong>Rodzaje wykorzystywanych Cookies<\/strong><\/p>\n<p>Administrator wykorzystuje dwa typy plik\u00f3w cookies:<\/p>\n<ul>\n<li>Cookies sesyjne: s\u0105 przechowywane na Urz\u0105dzeniu U\u017cytkownika i pozostaj\u0105 tam do momentu zako\u0144czenia sesji danej przegl\u0105darki. Zapisane informacje s\u0105 w\u00f3wczas trwale usuwane z pami\u0119ci Urz\u0105dzenia. Mechanizm cookies sesyjnych nie pozwala na pobieranie jakichkolwiek danych osobowych ani \u017cadnych informacji poufnych z Urz\u0105dzenia U\u017cytkownika.<\/li>\n<\/ul>\n<ul>\n<li>Cookies trwa\u0142e: s\u0105 przechowywane na Urz\u0105dzeniu U\u017cytkownika i pozostaj\u0105 tam do momentu ich skasowania. Zako\u0144czenie sesji danej przegl\u0105darki lub wy\u0142\u0105czenie Urz\u0105dzenia nie powoduje ich usuni\u0119cia z Urz\u0105dzenia U\u017cytkownika. Mechanizm cookies trwa\u0142ych nie pozwala na pobieranie jakichkolwiek danych osobowych ani \u017cadnych informacji poufnych z Urz\u0105dzenia U\u017cytkownika.<\/li>\n<\/ul>\n<p><strong>Cele w jakich wykorzystywane s\u0105 Cookies<\/strong><\/p>\n<ol>\n<li>Administrator wykorzystuje Cookies W\u0142asne w nast\u0119puj\u0105cych celach:<\/li>\n<\/ol>\n<ul>\n<li>Konfiguracji serwisu:<\/li>\n<\/ul>\n<p>dostosowania zawarto\u015bci stron internetowych Serwisu do preferencji U\u017cytkownika oraz optymalizacji korzystania ze stron internetowych Serwisu,<\/p>\n<p>rozpoznania urz\u0105dzenia U\u017cytkownika Serwisu oraz jego lokalizacj\u0119 i odpowiednio wy\u015bwietlenia strony internetowej, dostosowanej do jego indywidualnych potrzeb,<\/p>\n<p>zapami\u0119tania ustawie\u0144 wybranych przez U\u017cytkownika i personalizacji interfejsu U\u017cytkownika, np. w zakresie wybranego j\u0119zyka lub regionu, z kt\u00f3rego pochodzi U\u017cytkownik,<\/p>\n<p>zapami\u0119tania historii odwiedzonych stron w serwisie w celu rekomendacji tre\u015bci,<\/p>\n<p>rozmiaru czcionki, wygl\u0105du strony internetowej itp.;<\/p>\n<ul>\n<li>Zapewnienia bezpiecze\u0144stwa i niezawodno\u015bci serwisu;<\/li>\n<li>Umo\u017cliwienia u\u017cytkownikowi dodawania element\u00f3w serwisu do strony ulubionych.<\/li>\n<\/ul>\n<ol start=\"2\">\n<li>Administrator us\u0142ugi wykorzystuje Cookies Zewn\u0119trzne w nast\u0119puj\u0105cych celach:<\/li>\n<\/ol>\n<ul>\n<li>prezentowania tre\u015bci multimedialnych na stronach internetowych Serwisu, kt\u00f3re s\u0105 pobierane z zewn\u0119trznego serwisu internetowego:<\/li>\n<\/ul>\n<p>www.youtube.com [administrator cookies: Google Inc z siedzib\u0105 w USA]<\/p>\n<ul>\n<li>zbierania og\u00f3lnych i anonimowych danych statycznych za po\u015brednictwem narz\u0119dzi analitycznych:<\/li>\n<\/ul>\n<p>Google Analytics [administrator cookies: Google Inc z siedzib\u0105 w USA]<\/p>\n<ul>\n<li>zbierania og\u00f3lnych i anonimowych danych za po\u015brednictwem narz\u0119dzi analitycznych do kierowania reklamowych te\u015bci do u\u017cytkownika strony :<\/li>\n<\/ul>\n<p>Google AdWords [administrator cookies: Google Inc z siedzib\u0105 w USA]<\/p>\n<ul>\n<li>umo\u017cliwienia polubienia profilu Teatru i Klubu na na portalu spo\u0142eczno\u015bciowym facebook:<\/li>\n<\/ul>\n<p>facebook.com [administrator cookies: Facebook w UK]<\/p>\n<p><strong>Wykorzystywane pliki cookies<\/strong><\/p>\n<p>Poni\u017cej zamieszczone s\u0105 pliki cookies wykorzystywane przez Administratora.<\/p>\n<table style=\"width: 602px;\">\n<tbody>\n<tr>\n<td style=\"width: 153px;\">\u00a0Nazwa pliku cookie<\/td>\n<td style=\"width: 126px;\">\u0179r\u00f3d\u0142o<\/td>\n<td style=\"width: 122px;\">Czas przechowywania<\/td>\n<td style=\"width: 175px;\">Przeznaczenie<\/td>\n<\/tr>\n<tr>\n<td style=\"width: 153px;\">icl_current_language<\/td>\n<td style=\"width: 126px;\">teatrcapitol.pl<\/td>\n<td style=\"width: 122px;\"><strong>1 dzie\u0144<\/strong><\/td>\n<td style=\"width: 175px;\">&nbsp;<\/p>\n<p>Zapisuje preferowany j\u0119zyk u\u017cytkownika na stronie internetowej.<\/td>\n<\/tr>\n<tr>\n<td style=\"width: 153px;\">_ga<\/td>\n<td style=\"width: 126px;\">biletyna.pl<\/td>\n<td style=\"width: 122px;\"><strong>2 lata<\/strong><\/td>\n<td style=\"width: 175px;\">&nbsp;<\/p>\n<p>Rejestruje unikalny identyfikator, kt\u00f3ry s\u0142u\u017cy do generowania danych statystycznych dotycz\u0105cych sposobu, w jaki u\u017cytkownik korzysta z witryny.<\/td>\n<\/tr>\n<tr>\n<td style=\"width: 153px;\">_gat<\/td>\n<td style=\"width: 126px;\">biletyna.pl<\/td>\n<td style=\"width: 122px;\"><strong>sesja<\/strong><\/td>\n<td style=\"width: 175px;\">&nbsp;<\/p>\n<p>U\u017cywany przez Google Analytics do oceny zapytania.<\/td>\n<\/tr>\n<tr>\n<td style=\"width: 153px;\">_gid<\/td>\n<td style=\"width: 126px;\">biletyna.pl<\/td>\n<td style=\"width: 122px;\"><strong>sesja<\/strong><\/p>\n<p>&nbsp;<\/td>\n<td style=\"width: 175px;\">&nbsp;<\/p>\n<p>Rejestruje unikalny identyfikator, kt\u00f3ry s\u0142u\u017cy do generowania danych statystycznych dotycz\u0105cych sposobu, w jaki u\u017cytkownik korzysta z witryny.<\/td>\n<\/tr>\n<tr>\n<td style=\"width: 153px;\">ads\/ga-audiences<\/td>\n<td style=\"width: 126px;\">google.com<\/td>\n<td style=\"width: 122px;\"><strong>sesja<\/strong><\/td>\n<td style=\"width: 175px;\">&nbsp;<\/p>\n<p>Wykorzystywane przez Google AdWords do ponownego anga\u017cowania u\u017cytkownik\u00f3w, na podstawie zachowa\u0144 u\u017cytkownik\u00f3w odwiedzaj\u0105cych witryny internetowe.<\/td>\n<\/tr>\n<tr>\n<td style=\"width: 153px;\">collect<\/td>\n<td style=\"width: 126px;\">google-analytics.com<\/td>\n<td style=\"width: 122px;\"><strong>sesja<\/strong><\/p>\n<p>&nbsp;<\/td>\n<td style=\"width: 175px;\">&nbsp;<\/p>\n<p>S\u0142u\u017cy do wysy\u0142ania danych do Google Analytics na temat urz\u0105dzenia i zachowania go\u015bcia. \u015aledzi odwiedzaj\u0105cego<\/p>\n<p>urz\u0105dzenia i kana\u0142y marketingowe sk\u0105d skierowany zosta\u0142 odwiedzaj\u0105cy.<\/td>\n<\/tr>\n<tr>\n<td style=\"width: 153px;\">fr<\/td>\n<td style=\"width: 126px;\">facebook.com<\/td>\n<td style=\"width: 122px;\"><strong>3 miesi\u0105ce<\/strong><\/td>\n<td style=\"width: 175px;\">&nbsp;<\/p>\n<p>Wykorzystywane przez Facebooka do dostarczania serii produkt\u00f3w reklamowych, od zewn\u0119trznych reklamodawc\u00f3w.<\/td>\n<\/tr>\n<tr>\n<td style=\"width: 153px;\">tr<\/td>\n<td style=\"width: 126px;\">facebook.com<\/td>\n<td style=\"width: 122px;\"><strong>sesja<\/strong><\/td>\n<td style=\"width: 175px;\">&nbsp;<\/p>\n<p>Wykorzystywane przez Facebooka do dostarczania tre\u015bci reklamowych.<\/td>\n<\/tr>\n<\/tbody>\n<\/table>\n<p>&nbsp;<\/p>\n<p><strong>Mo\u017cliwo\u015bci okre\u015blenia warunk<\/strong><strong>\u00f3<\/strong><strong>w przechowywania lub uzyskiwania dost\u0119pu przez Cookies<\/strong><\/p>\n<ol>\n<li>U\u017cytkownik mo\u017ce samodzielnie i w ka\u017cdym czasie zmieni\u0107 ustawienia dotycz\u0105ce plik\u00f3w Cookies, okre\u015blaj\u0105c warunki ich przechowywania i uzyskiwania dost\u0119pu przez pliki Cookies do Urz\u0105dzenia U\u017cytkownika. Zmiany ustawie\u0144, o kt\u00f3rych mowa w zdaniu poprzednim, U\u017cytkownik mo\u017ce dokona\u0107 za pomoc\u0105 ustawie\u0144 przegl\u0105darki internetowej lub za pomoc\u0105 konfiguracji us\u0142ugi. Ustawienia te mog\u0105 zosta\u0107 zmienione w szczeg\u00f3lno\u015bci w taki spos\u00f3b, aby blokowa\u0107 automatyczn\u0105 obs\u0142ug\u0119 plik\u00f3w cookies w ustawieniach przegl\u0105darki internetowej b\u0105d\u017a informowa\u0107 o ich ka\u017cdorazowym zamieszczeniu Cookies na urz\u0105dzeniu U\u017cytkownika. Szczeg\u00f3\u0142owe informacje o mo\u017cliwo\u015bci i sposobach obs\u0142ugi plik\u00f3w Cookies dost\u0119pne s\u0105 w ustawieniach oprogramowania (przegl\u0105darki internetowej).<\/li>\n<li>U\u017cytkownik mo\u017ce w ka\u017cdej chwili usun\u0105\u0107 pliki Cookies korzystaj\u0105c z dost\u0119pnych funkcji w przegl\u0105darce internetowej, kt\u00f3rej u\u017cywa.<\/li>\n<li>Ograniczenie stosowania plik\u00f3w Cookies, mo\u017ce wp\u0142yn\u0105\u0107 na niekt\u00f3re funkcjonalno\u015bci dost\u0119pne na stronie internetowej Serwisu.<\/li>\n<li>U\u017cytkownik ma mo\u017cliwo\u015b\u0107 ograniczenia lub wy\u0142\u0105czenia dost\u0119pu plik\u00f3w cookies do swojego Urz\u0105dzenia. W przypadku skorzystania z tej opcji korzystanie ze Serwisu b\u0119dzie mo\u017cliwe, poza funkcjami, kt\u00f3re ze swojej natury wymagaj\u0105 plik\u00f3w Cookies.<\/li>\n<li>Szczeg\u00f3\u0142owe informacje o zarz\u0105dzaniu plikami cookies dla niekt\u00f3rych przegl\u0105darek:<\/li>\n<\/ol>\n<ul>\n<li>Firefox: <a href=\"http:\/\/www.support.mozilla.org\/pl\/kb\/ciasteczka\">support.mozilla.org\/pl\/kb\/ciasteczka<\/a><\/li>\n<li>Chrome: <a href=\"http:\/\/www.support.google.com\/chrome\/answer\/95647?hl=pl\">support.google.com\/chrome\/answer\/95647?hl=pl<\/a><\/li>\n<li>Internet Explorer: <a href=\"http:\/\/www.support.microsoft.com\/pl-pl\/help\/17442\/windows-internet-explorer-delete-manage-cookies\">support.microsoft.com\/pl-pl\/help\/17442\/windows-internet-explorer-delete-manage-cookies<\/a><\/li>\n<li>Safari: <a href=\"http:\/\/www.support.apple.com\/kb\/ph21411?locale=pl_PL\">support.apple.com\/kb\/ph21411?locale=pl_PL<\/a><\/li>\n<li>Opera: <a href=\"http:\/\/www.help.opera.com\/Windows\/12.10\/pl\/cookies.html\">help.opera.com\/Windows\/12.10\/pl\/cookies.html<\/a><\/li>\n<\/ul>\n<ol start=\"6\">\n<li>Wi\u0119cej informacji na temat zarz\u0105dzania plikami cookies mo\u017cna znale\u017a\u0107 na stronie <a href=\"http:\/\/www.wszystkoociasteczkach.pl\">wszystkoociasteczkach.pl<\/a> lub na stronie europejskiej platformy <a href=\"http:\/\/www.allaboutcookies.org\">www.allaboutcookies.org<\/a>.<\/li>\n<\/ol>\n<p>&nbsp;<\/p>\n","protected":false},"excerpt":{"rendered":"<p>Stosowane przez Administratora Cookies s\u0105 bezpieczne dla Urz\u0105dzenia U\u017cytkownika. Pliki te pozwalaj\u0105 zidentyfikowa\u0107 oprogramowanie wykorzystywane przez U\u017cytkownika i dostosowa\u0107 Serwis indywidualnie ka\u017cdemu U\u017cytkownikowi. Cookies zazwyczaj zawieraj\u0105 nazw\u0119 domeny z kt\u00f3rej pochodz\u0105, czas&#8230;<\/p>\n","protected":false},"author":1,"featured_media":0,"parent":0,"menu_order":0,"comment_status":"closed","ping_status":"closed","template":"p-polityka.php","meta":{"_acf_changed":false,"footnotes":""},"class_list":["post-5698","page","type-page","status-publish","hentry"],"acf":[],"yoast_head":"<!-- This site is optimized with the Yoast SEO Premium plugin v21.9 (Yoast SEO v27.4) - https:\/\/yoast.com\/product\/yoast-seo-premium-wordpress\/ -->\n<title>Polityka cookies - Teatr Capitol Warszawa<\/title>\n<meta name=\"description\" content=\"We invite you to CAPITOL - a place unique on a European scale, combining a theater and a music club. We are waiting for you in the center of Warsaw!\" \/>\n<meta name=\"robots\" content=\"index, follow, max-snippet:-1, max-image-preview:large, max-video-preview:-1\" \/>\n<link rel=\"canonical\" href=\"https:\/\/teatrcapitol.pl\/en\/polityka-cookies\/\" \/>\n<meta property=\"og:locale\" content=\"en_US\" \/>\n<meta property=\"og:type\" content=\"article\" \/>\n<meta property=\"og:title\" content=\"Polityka cookies\" \/>\n<meta property=\"og:description\" content=\"We invite you to CAPITOL - a place unique on a European scale, combining a theater and a music club. We are waiting for you in the center of Warsaw!\" \/>\n<meta property=\"og:url\" content=\"https:\/\/teatrcapitol.pl\/en\/polityka-cookies\/\" \/>\n<meta property=\"og:site_name\" content=\"Teatr Capitol Warszawa\" \/>\n<meta property=\"article:publisher\" content=\"https:\/\/www.facebook.com\/Teatr.Capitol.Warszawa\" \/>\n<meta property=\"article:modified_time\" content=\"2023-01-04T09:34:58+00:00\" \/>\n<meta name=\"twitter:card\" content=\"summary_large_image\" \/>\n<meta name=\"twitter:label1\" content=\"Est. reading time\" \/>\n\t<meta name=\"twitter:data1\" content=\"5 minutes\" \/>\n<script type=\"application\/ld+json\" class=\"yoast-schema-graph\">{\"@context\":\"https:\\\/\\\/schema.org\",\"@graph\":[{\"@type\":\"WebPage\",\"@id\":\"https:\\\/\\\/teatrcapitol.pl\\\/en\\\/polityka-cookies\\\/\",\"url\":\"https:\\\/\\\/teatrcapitol.pl\\\/en\\\/polityka-cookies\\\/\",\"name\":\"Polityka cookies - Teatr Capitol Warszawa\",\"isPartOf\":{\"@id\":\"https:\\\/\\\/teatrcapitol.pl\\\/#website\"},\"datePublished\":\"2018-07-30T15:31:36+00:00\",\"dateModified\":\"2023-01-04T09:34:58+00:00\",\"description\":\"We invite you to CAPITOL - a place unique on a European scale, combining a theater and a music club. We are waiting for you in the center of Warsaw!\",\"breadcrumb\":{\"@id\":\"https:\\\/\\\/teatrcapitol.pl\\\/en\\\/polityka-cookies\\\/#breadcrumb\"},\"inLanguage\":\"en-US\",\"potentialAction\":[{\"@type\":\"ReadAction\",\"target\":[\"https:\\\/\\\/teatrcapitol.pl\\\/en\\\/polityka-cookies\\\/\"]}]},{\"@type\":\"BreadcrumbList\",\"@id\":\"https:\\\/\\\/teatrcapitol.pl\\\/en\\\/polityka-cookies\\\/#breadcrumb\",\"itemListElement\":[{\"@type\":\"ListItem\",\"position\":1,\"name\":\"Strona g\u0142\u00f3wna\",\"item\":\"https:\\\/\\\/teatrcapitol.pl\\\/en\\\/\"},{\"@type\":\"ListItem\",\"position\":2,\"name\":\"Polityka cookies\"}]},{\"@type\":\"WebSite\",\"@id\":\"https:\\\/\\\/teatrcapitol.pl\\\/#website\",\"url\":\"https:\\\/\\\/teatrcapitol.pl\\\/\",\"name\":\"Teatr Capitol Warszawa\",\"description\":\"Teatr Capitol Warszawa\",\"publisher\":{\"@id\":\"https:\\\/\\\/teatrcapitol.pl\\\/#organization\"},\"potentialAction\":[{\"@type\":\"SearchAction\",\"target\":{\"@type\":\"EntryPoint\",\"urlTemplate\":\"https:\\\/\\\/teatrcapitol.pl\\\/?s={search_term_string}\"},\"query-input\":{\"@type\":\"PropertyValueSpecification\",\"valueRequired\":true,\"valueName\":\"search_term_string\"}}],\"inLanguage\":\"en-US\"},{\"@type\":\"Organization\",\"@id\":\"https:\\\/\\\/teatrcapitol.pl\\\/#organization\",\"name\":\"Teatr Capitol\",\"url\":\"https:\\\/\\\/teatrcapitol.pl\\\/\",\"logo\":{\"@type\":\"ImageObject\",\"inLanguage\":\"en-US\",\"@id\":\"https:\\\/\\\/teatrcapitol.pl\\\/#\\\/schema\\\/logo\\\/image\\\/\",\"url\":\"https:\\\/\\\/teatrcapitol.pl\\\/wp-content\\\/uploads\\\/2022\\\/09\\\/logo_teatrcapitol.png\",\"contentUrl\":\"https:\\\/\\\/teatrcapitol.pl\\\/wp-content\\\/uploads\\\/2022\\\/09\\\/logo_teatrcapitol.png\",\"width\":910,\"height\":90,\"caption\":\"Teatr Capitol\"},\"image\":{\"@id\":\"https:\\\/\\\/teatrcapitol.pl\\\/#\\\/schema\\\/logo\\\/image\\\/\"},\"sameAs\":[\"https:\\\/\\\/www.facebook.com\\\/Teatr.Capitol.Warszawa\",\"https:\\\/\\\/www.instagram.com\\\/teatrcapitolwarsaw\\\/\",\"https:\\\/\\\/www.youtube.com\\\/user\\\/teatrcapitol1\",\"https:\\\/\\\/pl.tripadvisor.com\\\/Attraction_Review-g274856-d7645699-Reviews-Capitol_Theatre_Scene-Warsaw_Mazovia_Province_Central_Poland.html\"]}]}<\/script>\n<!-- \/ Yoast SEO Premium plugin. -->","yoast_head_json":{"title":"Polityka cookies - Teatr Capitol Warszawa","description":"We invite you to CAPITOL - a place unique on a European scale, combining a theater and a music club. We are waiting for you in the center of Warsaw!","robots":{"index":"index","follow":"follow","max-snippet":"max-snippet:-1","max-image-preview":"max-image-preview:large","max-video-preview":"max-video-preview:-1"},"canonical":"https:\/\/teatrcapitol.pl\/en\/polityka-cookies\/","og_locale":"en_US","og_type":"article","og_title":"Polityka cookies","og_description":"We invite you to CAPITOL - a place unique on a European scale, combining a theater and a music club. We are waiting for you in the center of Warsaw!","og_url":"https:\/\/teatrcapitol.pl\/en\/polityka-cookies\/","og_site_name":"Teatr Capitol Warszawa","article_publisher":"https:\/\/www.facebook.com\/Teatr.Capitol.Warszawa","article_modified_time":"2023-01-04T09:34:58+00:00","twitter_card":"summary_large_image","twitter_misc":{"Est. reading time":"5 minutes"},"schema":{"@context":"https:\/\/schema.org","@graph":[{"@type":"WebPage","@id":"https:\/\/teatrcapitol.pl\/en\/polityka-cookies\/","url":"https:\/\/teatrcapitol.pl\/en\/polityka-cookies\/","name":"Polityka cookies - Teatr Capitol Warszawa","isPartOf":{"@id":"https:\/\/teatrcapitol.pl\/#website"},"datePublished":"2018-07-30T15:31:36+00:00","dateModified":"2023-01-04T09:34:58+00:00","description":"We invite you to CAPITOL - a place unique on a European scale, combining a theater and a music club. We are waiting for you in the center of Warsaw!","breadcrumb":{"@id":"https:\/\/teatrcapitol.pl\/en\/polityka-cookies\/#breadcrumb"},"inLanguage":"en-US","potentialAction":[{"@type":"ReadAction","target":["https:\/\/teatrcapitol.pl\/en\/polityka-cookies\/"]}]},{"@type":"BreadcrumbList","@id":"https:\/\/teatrcapitol.pl\/en\/polityka-cookies\/#breadcrumb","itemListElement":[{"@type":"ListItem","position":1,"name":"Strona g\u0142\u00f3wna","item":"https:\/\/teatrcapitol.pl\/en\/"},{"@type":"ListItem","position":2,"name":"Polityka cookies"}]},{"@type":"WebSite","@id":"https:\/\/teatrcapitol.pl\/#website","url":"https:\/\/teatrcapitol.pl\/","name":"Teatr Capitol Warszawa","description":"Teatr Capitol Warszawa","publisher":{"@id":"https:\/\/teatrcapitol.pl\/#organization"},"potentialAction":[{"@type":"SearchAction","target":{"@type":"EntryPoint","urlTemplate":"https:\/\/teatrcapitol.pl\/?s={search_term_string}"},"query-input":{"@type":"PropertyValueSpecification","valueRequired":true,"valueName":"search_term_string"}}],"inLanguage":"en-US"},{"@type":"Organization","@id":"https:\/\/teatrcapitol.pl\/#organization","name":"Teatr Capitol","url":"https:\/\/teatrcapitol.pl\/","logo":{"@type":"ImageObject","inLanguage":"en-US","@id":"https:\/\/teatrcapitol.pl\/#\/schema\/logo\/image\/","url":"https:\/\/teatrcapitol.pl\/wp-content\/uploads\/2022\/09\/logo_teatrcapitol.png","contentUrl":"https:\/\/teatrcapitol.pl\/wp-content\/uploads\/2022\/09\/logo_teatrcapitol.png","width":910,"height":90,"caption":"Teatr Capitol"},"image":{"@id":"https:\/\/teatrcapitol.pl\/#\/schema\/logo\/image\/"},"sameAs":["https:\/\/www.facebook.com\/Teatr.Capitol.Warszawa","https:\/\/www.instagram.com\/teatrcapitolwarsaw\/","https:\/\/www.youtube.com\/user\/teatrcapitol1","https:\/\/pl.tripadvisor.com\/Attraction_Review-g274856-d7645699-Reviews-Capitol_Theatre_Scene-Warsaw_Mazovia_Province_Central_Poland.html"]}]}},"publishpress_future_workflow_manual_trigger":{"enabledWorkflows":[]},"_links":{"self":[{"href":"https:\/\/teatrcapitol.pl\/en\/wp-json\/wp\/v2\/pages\/5698","targetHints":{"allow":["GET"]}}],"collection":[{"href":"https:\/\/teatrcapitol.pl\/en\/wp-json\/wp\/v2\/pages"}],"about":[{"href":"https:\/\/teatrcapitol.pl\/en\/wp-json\/wp\/v2\/types\/page"}],"author":[{"embeddable":true,"href":"https:\/\/teatrcapitol.pl\/en\/wp-json\/wp\/v2\/users\/1"}],"replies":[{"embeddable":true,"href":"https:\/\/teatrcapitol.pl\/en\/wp-json\/wp\/v2\/comments?post=5698"}],"version-history":[{"count":1,"href":"https:\/\/teatrcapitol.pl\/en\/wp-json\/wp\/v2\/pages\/5698\/revisions"}],"predecessor-version":[{"id":19647,"href":"https:\/\/teatrcapitol.pl\/en\/wp-json\/wp\/v2\/pages\/5698\/revisions\/19647"}],"wp:attachment":[{"href":"https:\/\/teatrcapitol.pl\/en\/wp-json\/wp\/v2\/media?parent=5698"}],"curies":[{"name":"wp","href":"https:\/\/api.w.org\/{rel}","templated":true}]}}