{"id":9920,"date":"2018-12-24T15:54:31","date_gmt":"2018-12-24T14:54:31","guid":{"rendered":"https:\/\/teatrcapitol.pl\/events\/foyer-sceny-mniejszej\/"},"modified":"2018-12-24T15:54:31","modified_gmt":"2018-12-24T14:54:31","slug":"foyer-sceny-mniejszej","status":"publish","type":"page","link":"https:\/\/teatrcapitol.pl\/en\/events\/foyer-sceny-mniejszej\/","title":{"rendered":"Foyer sceny mniejszej"},"content":{"rendered":"<p style=\"text-align: center;\"><strong>Foyer Sceny Mniejszej<\/strong>\u00a0\u2013 200\u00a0metr\u00f3w kwadratowych niezale\u017cnej od klubu i Du\u017cej Sceny- przestrzeni.<br \/>\nBar i multimedia do dyspozycji klienta.<\/p>\n<p style=\"text-align: center;\"><strong>Idealna przestrze\u0144 do organizacji:<\/strong><br \/>\n\u2013 kolacji zasiadanych<br \/>\n\u2013 bankiet\u00f3w<br \/>\n\u2013 koktajl party<br \/>\n\u2013 konferencji<br \/>\ni wielu innych wydarze\u0144 oraz event\u00f3w specjalnych.<\/p>\n","protected":false},"excerpt":{"rendered":"<p>Foyer Sceny Mniejszej\u00a0\u2013 200\u00a0metr\u00f3w kwadratowych niezale\u017cnej od klubu i Du\u017cej Sceny- przestrzeni. Bar i multimedia do dyspozycji klienta. Idealna przestrze\u0144 do organizacji: \u2013 kolacji zasiadanych \u2013 bankiet\u00f3w \u2013 koktajl party \u2013 konferencji&#8230;<\/p>\n","protected":false},"author":1,"featured_media":0,"parent":6712,"menu_order":0,"comment_status":"closed","ping_status":"closed","template":"p-sztuka-eventy-podstrona.php","meta":{"_acf_changed":false,"footnotes":""},"class_list":["post-9920","page","type-page","status-publish","hentry"],"acf":[],"yoast_head":"<!-- This site is optimized with the Yoast SEO Premium plugin v21.9 (Yoast SEO v27.4) - https:\/\/yoast.com\/product\/yoast-seo-premium-wordpress\/ -->\n<title>Foyer sceny mniejszej - Teatr Capitol Warszawa<\/title>\n<meta name=\"robots\" content=\"index, follow, max-snippet:-1, max-image-preview:large, max-video-preview:-1\" \/>\n<link rel=\"canonical\" href=\"https:\/\/teatrcapitol.pl\/en\/events\/foyer-sceny-mniejszej\/\" \/>\n<meta property=\"og:locale\" content=\"en_US\" \/>\n<meta property=\"og:type\" content=\"article\" \/>\n<meta property=\"og:title\" content=\"Foyer sceny mniejszej\" \/>\n<meta property=\"og:description\" content=\"Foyer Sceny Mniejszej\u00a0\u2013 200\u00a0metr\u00f3w kwadratowych niezale\u017cnej od klubu i Du\u017cej Sceny- przestrzeni. Bar i multimedia do dyspozycji klienta. Idealna przestrze\u0144 do organizacji: \u2013 kolacji zasiadanych \u2013 bankiet\u00f3w \u2013 koktajl party \u2013 konferencji...\" \/>\n<meta property=\"og:url\" content=\"https:\/\/teatrcapitol.pl\/en\/events\/foyer-sceny-mniejszej\/\" \/>\n<meta property=\"og:site_name\" content=\"Teatr Capitol Warszawa\" \/>\n<meta property=\"article:publisher\" content=\"https:\/\/www.facebook.com\/Teatr.Capitol.Warszawa\" \/>\n<meta name=\"twitter:card\" content=\"summary_large_image\" \/>\n<script type=\"application\/ld+json\" class=\"yoast-schema-graph\">{\"@context\":\"https:\\\/\\\/schema.org\",\"@graph\":[{\"@type\":\"WebPage\",\"@id\":\"https:\\\/\\\/teatrcapitol.pl\\\/en\\\/events\\\/foyer-sceny-mniejszej\\\/\",\"url\":\"https:\\\/\\\/teatrcapitol.pl\\\/en\\\/events\\\/foyer-sceny-mniejszej\\\/\",\"name\":\"Foyer sceny mniejszej - Teatr Capitol Warszawa\",\"isPartOf\":{\"@id\":\"https:\\\/\\\/teatrcapitol.pl\\\/#website\"},\"datePublished\":\"2018-12-24T14:54:31+00:00\",\"breadcrumb\":{\"@id\":\"https:\\\/\\\/teatrcapitol.pl\\\/en\\\/events\\\/foyer-sceny-mniejszej\\\/#breadcrumb\"},\"inLanguage\":\"en-US\",\"potentialAction\":[{\"@type\":\"ReadAction\",\"target\":[\"https:\\\/\\\/teatrcapitol.pl\\\/en\\\/events\\\/foyer-sceny-mniejszej\\\/\"]}]},{\"@type\":\"BreadcrumbList\",\"@id\":\"https:\\\/\\\/teatrcapitol.pl\\\/en\\\/events\\\/foyer-sceny-mniejszej\\\/#breadcrumb\",\"itemListElement\":[{\"@type\":\"ListItem\",\"position\":1,\"name\":\"Strona g\u0142\u00f3wna\",\"item\":\"https:\\\/\\\/teatrcapitol.pl\\\/en\\\/\"},{\"@type\":\"ListItem\",\"position\":2,\"name\":\"Capitol is an inspiring and unique place situated right in the heart of Warsaw.\",\"item\":\"https:\\\/\\\/teatrcapitol.pl\\\/en\\\/events\\\/\"},{\"@type\":\"ListItem\",\"position\":3,\"name\":\"Foyer sceny mniejszej\"}]},{\"@type\":\"WebSite\",\"@id\":\"https:\\\/\\\/teatrcapitol.pl\\\/#website\",\"url\":\"https:\\\/\\\/teatrcapitol.pl\\\/\",\"name\":\"Teatr Capitol Warszawa\",\"description\":\"Teatr Capitol Warszawa\",\"publisher\":{\"@id\":\"https:\\\/\\\/teatrcapitol.pl\\\/#organization\"},\"potentialAction\":[{\"@type\":\"SearchAction\",\"target\":{\"@type\":\"EntryPoint\",\"urlTemplate\":\"https:\\\/\\\/teatrcapitol.pl\\\/?s={search_term_string}\"},\"query-input\":{\"@type\":\"PropertyValueSpecification\",\"valueRequired\":true,\"valueName\":\"search_term_string\"}}],\"inLanguage\":\"en-US\"},{\"@type\":\"Organization\",\"@id\":\"https:\\\/\\\/teatrcapitol.pl\\\/#organization\",\"name\":\"Teatr Capitol\",\"url\":\"https:\\\/\\\/teatrcapitol.pl\\\/\",\"logo\":{\"@type\":\"ImageObject\",\"inLanguage\":\"en-US\",\"@id\":\"https:\\\/\\\/teatrcapitol.pl\\\/#\\\/schema\\\/logo\\\/image\\\/\",\"url\":\"https:\\\/\\\/teatrcapitol.pl\\\/wp-content\\\/uploads\\\/2022\\\/09\\\/logo_teatrcapitol.png\",\"contentUrl\":\"https:\\\/\\\/teatrcapitol.pl\\\/wp-content\\\/uploads\\\/2022\\\/09\\\/logo_teatrcapitol.png\",\"width\":910,\"height\":90,\"caption\":\"Teatr Capitol\"},\"image\":{\"@id\":\"https:\\\/\\\/teatrcapitol.pl\\\/#\\\/schema\\\/logo\\\/image\\\/\"},\"sameAs\":[\"https:\\\/\\\/www.facebook.com\\\/Teatr.Capitol.Warszawa\",\"https:\\\/\\\/www.instagram.com\\\/teatrcapitolwarsaw\\\/\",\"https:\\\/\\\/www.youtube.com\\\/user\\\/teatrcapitol1\",\"https:\\\/\\\/pl.tripadvisor.com\\\/Attraction_Review-g274856-d7645699-Reviews-Capitol_Theatre_Scene-Warsaw_Mazovia_Province_Central_Poland.html\"]}]}<\/script>\n<!-- \/ Yoast SEO Premium plugin. -->","yoast_head_json":{"title":"Foyer sceny mniejszej - Teatr Capitol Warszawa","robots":{"index":"index","follow":"follow","max-snippet":"max-snippet:-1","max-image-preview":"max-image-preview:large","max-video-preview":"max-video-preview:-1"},"canonical":"https:\/\/teatrcapitol.pl\/en\/events\/foyer-sceny-mniejszej\/","og_locale":"en_US","og_type":"article","og_title":"Foyer sceny mniejszej","og_description":"Foyer Sceny Mniejszej\u00a0\u2013 200\u00a0metr\u00f3w kwadratowych niezale\u017cnej od klubu i Du\u017cej Sceny- przestrzeni. Bar i multimedia do dyspozycji klienta. Idealna przestrze\u0144 do organizacji: \u2013 kolacji zasiadanych \u2013 bankiet\u00f3w \u2013 koktajl party \u2013 konferencji...","og_url":"https:\/\/teatrcapitol.pl\/en\/events\/foyer-sceny-mniejszej\/","og_site_name":"Teatr Capitol Warszawa","article_publisher":"https:\/\/www.facebook.com\/Teatr.Capitol.Warszawa","twitter_card":"summary_large_image","schema":{"@context":"https:\/\/schema.org","@graph":[{"@type":"WebPage","@id":"https:\/\/teatrcapitol.pl\/en\/events\/foyer-sceny-mniejszej\/","url":"https:\/\/teatrcapitol.pl\/en\/events\/foyer-sceny-mniejszej\/","name":"Foyer sceny mniejszej - Teatr Capitol Warszawa","isPartOf":{"@id":"https:\/\/teatrcapitol.pl\/#website"},"datePublished":"2018-12-24T14:54:31+00:00","breadcrumb":{"@id":"https:\/\/teatrcapitol.pl\/en\/events\/foyer-sceny-mniejszej\/#breadcrumb"},"inLanguage":"en-US","potentialAction":[{"@type":"ReadAction","target":["https:\/\/teatrcapitol.pl\/en\/events\/foyer-sceny-mniejszej\/"]}]},{"@type":"BreadcrumbList","@id":"https:\/\/teatrcapitol.pl\/en\/events\/foyer-sceny-mniejszej\/#breadcrumb","itemListElement":[{"@type":"ListItem","position":1,"name":"Strona g\u0142\u00f3wna","item":"https:\/\/teatrcapitol.pl\/en\/"},{"@type":"ListItem","position":2,"name":"Capitol is an inspiring and unique place situated right in the heart of Warsaw.","item":"https:\/\/teatrcapitol.pl\/en\/events\/"},{"@type":"ListItem","position":3,"name":"Foyer sceny mniejszej"}]},{"@type":"WebSite","@id":"https:\/\/teatrcapitol.pl\/#website","url":"https:\/\/teatrcapitol.pl\/","name":"Teatr Capitol Warszawa","description":"Teatr Capitol Warszawa","publisher":{"@id":"https:\/\/teatrcapitol.pl\/#organization"},"potentialAction":[{"@type":"SearchAction","target":{"@type":"EntryPoint","urlTemplate":"https:\/\/teatrcapitol.pl\/?s={search_term_string}"},"query-input":{"@type":"PropertyValueSpecification","valueRequired":true,"valueName":"search_term_string"}}],"inLanguage":"en-US"},{"@type":"Organization","@id":"https:\/\/teatrcapitol.pl\/#organization","name":"Teatr Capitol","url":"https:\/\/teatrcapitol.pl\/","logo":{"@type":"ImageObject","inLanguage":"en-US","@id":"https:\/\/teatrcapitol.pl\/#\/schema\/logo\/image\/","url":"https:\/\/teatrcapitol.pl\/wp-content\/uploads\/2022\/09\/logo_teatrcapitol.png","contentUrl":"https:\/\/teatrcapitol.pl\/wp-content\/uploads\/2022\/09\/logo_teatrcapitol.png","width":910,"height":90,"caption":"Teatr Capitol"},"image":{"@id":"https:\/\/teatrcapitol.pl\/#\/schema\/logo\/image\/"},"sameAs":["https:\/\/www.facebook.com\/Teatr.Capitol.Warszawa","https:\/\/www.instagram.com\/teatrcapitolwarsaw\/","https:\/\/www.youtube.com\/user\/teatrcapitol1","https:\/\/pl.tripadvisor.com\/Attraction_Review-g274856-d7645699-Reviews-Capitol_Theatre_Scene-Warsaw_Mazovia_Province_Central_Poland.html"]}]}},"publishpress_future_workflow_manual_trigger":{"enabledWorkflows":[]},"_links":{"self":[{"href":"https:\/\/teatrcapitol.pl\/en\/wp-json\/wp\/v2\/pages\/9920","targetHints":{"allow":["GET"]}}],"collection":[{"href":"https:\/\/teatrcapitol.pl\/en\/wp-json\/wp\/v2\/pages"}],"about":[{"href":"https:\/\/teatrcapitol.pl\/en\/wp-json\/wp\/v2\/types\/page"}],"author":[{"embeddable":true,"href":"https:\/\/teatrcapitol.pl\/en\/wp-json\/wp\/v2\/users\/1"}],"replies":[{"embeddable":true,"href":"https:\/\/teatrcapitol.pl\/en\/wp-json\/wp\/v2\/comments?post=9920"}],"version-history":[{"count":0,"href":"https:\/\/teatrcapitol.pl\/en\/wp-json\/wp\/v2\/pages\/9920\/revisions"}],"up":[{"embeddable":true,"href":"https:\/\/teatrcapitol.pl\/en\/wp-json\/wp\/v2\/pages\/6712"}],"wp:attachment":[{"href":"https:\/\/teatrcapitol.pl\/en\/wp-json\/wp\/v2\/media?parent=9920"}],"curies":[{"name":"wp","href":"https:\/\/api.w.org\/{rel}","templated":true}]}}