{"id":9927,"date":"2018-12-24T15:51:48","date_gmt":"2018-12-24T14:51:48","guid":{"rendered":"https:\/\/teatrcapitol.pl\/events\/scena-mniejsza\/"},"modified":"2018-12-24T15:51:48","modified_gmt":"2018-12-24T14:51:48","slug":"scena-mniejsza","status":"publish","type":"page","link":"https:\/\/teatrcapitol.pl\/en\/events\/scena-mniejsza\/","title":{"rendered":"Scena mniejsza"},"content":{"rendered":"<p style=\"text-align: center;\"><strong>Sala teatralna<\/strong>\u00a0\u2013 widownia dla 256 os\u00f3b oraz foyer. Scena z oddzielnym wej\u015bciem, niezale\u017cna od przestrzeni klubu i Du\u017cej Sceny.<br \/>\nScena o wym.\u00a05x\u00a012\u00a0(m).<\/p>\n<p style=\"text-align: center;\"><strong>Idealna przestrze\u0144 do organizacji:<\/strong><\/p>\n<p style=\"text-align: center;\">\u2013 konferencji prasowych, naukowych etc.<br \/>\n\u2013 prezentacji i szkole\u0144<br \/>\n\u2013 koncert\u00f3w<br \/>\n\u2013 prezentacji produkt\u00f3w (w tym product placement w spektaklach)<br \/>\n\u2013 koncert\u00f3w<br \/>\n\u2013 prezentacji produkt\u00f3w (w tym product placement w spektaklach)<br \/>\n\u2013 pokaz\u00f3w mody<br \/>\n&#8211; produkcji telewizyjnych i filmowych<br \/>\n&#8211; sesji zdj\u0119ciowych<br \/>\ni wielu innych wydarze\u0144 oraz event\u00f3w specjalnych.<\/p>\n<p>&nbsp;<\/p>\n","protected":false},"excerpt":{"rendered":"<p>Sala teatralna\u00a0\u2013 widownia dla 256 os\u00f3b oraz foyer. Scena z oddzielnym wej\u015bciem, niezale\u017cna od przestrzeni klubu i Du\u017cej Sceny. Scena o wym.\u00a05x\u00a012\u00a0(m). Idealna przestrze\u0144 do organizacji: \u2013 konferencji prasowych, naukowych etc. \u2013&#8230;<\/p>\n","protected":false},"author":1,"featured_media":0,"parent":6712,"menu_order":0,"comment_status":"closed","ping_status":"closed","template":"p-sztuka-eventy-podstrona.php","meta":{"_acf_changed":false,"footnotes":""},"class_list":["post-9927","page","type-page","status-publish","hentry"],"acf":[],"yoast_head":"<!-- This site is optimized with the Yoast SEO Premium plugin v21.9 (Yoast SEO v26.8) - https:\/\/yoast.com\/product\/yoast-seo-premium-wordpress\/ -->\n<title>Scena mniejsza - Teatr Capitol Warszawa<\/title>\n<meta name=\"robots\" content=\"index, follow, max-snippet:-1, max-image-preview:large, max-video-preview:-1\" \/>\n<link rel=\"canonical\" href=\"https:\/\/teatrcapitol.pl\/en\/events\/scena-mniejsza\/\" \/>\n<meta property=\"og:locale\" content=\"en_US\" \/>\n<meta property=\"og:type\" content=\"article\" \/>\n<meta property=\"og:title\" content=\"Scena mniejsza\" \/>\n<meta property=\"og:description\" content=\"Sala teatralna\u00a0\u2013 widownia dla 256 os\u00f3b oraz foyer. Scena z oddzielnym wej\u015bciem, niezale\u017cna od przestrzeni klubu i Du\u017cej Sceny. Scena o wym.\u00a05x\u00a012\u00a0(m). Idealna przestrze\u0144 do organizacji: \u2013 konferencji prasowych, naukowych etc. \u2013...\" \/>\n<meta property=\"og:url\" content=\"https:\/\/teatrcapitol.pl\/en\/events\/scena-mniejsza\/\" \/>\n<meta property=\"og:site_name\" content=\"Teatr Capitol Warszawa\" \/>\n<meta property=\"article:publisher\" content=\"https:\/\/www.facebook.com\/Teatr.Capitol.Warszawa\" \/>\n<meta name=\"twitter:card\" content=\"summary_large_image\" \/>\n<script type=\"application\/ld+json\" class=\"yoast-schema-graph\">{\"@context\":\"https:\/\/schema.org\",\"@graph\":[{\"@type\":\"WebPage\",\"@id\":\"https:\/\/teatrcapitol.pl\/en\/events\/scena-mniejsza\/\",\"url\":\"https:\/\/teatrcapitol.pl\/en\/events\/scena-mniejsza\/\",\"name\":\"Scena mniejsza - Teatr Capitol Warszawa\",\"isPartOf\":{\"@id\":\"https:\/\/teatrcapitol.pl\/#website\"},\"datePublished\":\"2018-12-24T14:51:48+00:00\",\"breadcrumb\":{\"@id\":\"https:\/\/teatrcapitol.pl\/en\/events\/scena-mniejsza\/#breadcrumb\"},\"inLanguage\":\"en-US\",\"potentialAction\":[{\"@type\":\"ReadAction\",\"target\":[\"https:\/\/teatrcapitol.pl\/en\/events\/scena-mniejsza\/\"]}]},{\"@type\":\"BreadcrumbList\",\"@id\":\"https:\/\/teatrcapitol.pl\/en\/events\/scena-mniejsza\/#breadcrumb\",\"itemListElement\":[{\"@type\":\"ListItem\",\"position\":1,\"name\":\"Strona g\u0142\u00f3wna\",\"item\":\"https:\/\/teatrcapitol.pl\/en\/\"},{\"@type\":\"ListItem\",\"position\":2,\"name\":\"Capitol is an inspiring and unique place situated right in the heart of Warsaw.\",\"item\":\"https:\/\/teatrcapitol.pl\/en\/events\/\"},{\"@type\":\"ListItem\",\"position\":3,\"name\":\"Scena mniejsza\"}]},{\"@type\":\"WebSite\",\"@id\":\"https:\/\/teatrcapitol.pl\/#website\",\"url\":\"https:\/\/teatrcapitol.pl\/\",\"name\":\"Teatr Capitol Warszawa\",\"description\":\"Teatr Capitol Warszawa\",\"publisher\":{\"@id\":\"https:\/\/teatrcapitol.pl\/#organization\"},\"potentialAction\":[{\"@type\":\"SearchAction\",\"target\":{\"@type\":\"EntryPoint\",\"urlTemplate\":\"https:\/\/teatrcapitol.pl\/?s={search_term_string}\"},\"query-input\":{\"@type\":\"PropertyValueSpecification\",\"valueRequired\":true,\"valueName\":\"search_term_string\"}}],\"inLanguage\":\"en-US\"},{\"@type\":\"Organization\",\"@id\":\"https:\/\/teatrcapitol.pl\/#organization\",\"name\":\"Teatr Capitol\",\"url\":\"https:\/\/teatrcapitol.pl\/\",\"logo\":{\"@type\":\"ImageObject\",\"inLanguage\":\"en-US\",\"@id\":\"https:\/\/teatrcapitol.pl\/#\/schema\/logo\/image\/\",\"url\":\"https:\/\/teatrcapitol.pl\/wp-content\/uploads\/2022\/09\/logo_teatrcapitol.png\",\"contentUrl\":\"https:\/\/teatrcapitol.pl\/wp-content\/uploads\/2022\/09\/logo_teatrcapitol.png\",\"width\":910,\"height\":90,\"caption\":\"Teatr Capitol\"},\"image\":{\"@id\":\"https:\/\/teatrcapitol.pl\/#\/schema\/logo\/image\/\"},\"sameAs\":[\"https:\/\/www.facebook.com\/Teatr.Capitol.Warszawa\",\"https:\/\/www.instagram.com\/teatrcapitolwarsaw\/\",\"https:\/\/www.youtube.com\/user\/teatrcapitol1\",\"https:\/\/pl.tripadvisor.com\/Attraction_Review-g274856-d7645699-Reviews-Capitol_Theatre_Scene-Warsaw_Mazovia_Province_Central_Poland.html\"]}]}<\/script>\n<!-- \/ Yoast SEO Premium plugin. -->","yoast_head_json":{"title":"Scena mniejsza - Teatr Capitol Warszawa","robots":{"index":"index","follow":"follow","max-snippet":"max-snippet:-1","max-image-preview":"max-image-preview:large","max-video-preview":"max-video-preview:-1"},"canonical":"https:\/\/teatrcapitol.pl\/en\/events\/scena-mniejsza\/","og_locale":"en_US","og_type":"article","og_title":"Scena mniejsza","og_description":"Sala teatralna\u00a0\u2013 widownia dla 256 os\u00f3b oraz foyer. Scena z oddzielnym wej\u015bciem, niezale\u017cna od przestrzeni klubu i Du\u017cej Sceny. Scena o wym.\u00a05x\u00a012\u00a0(m). Idealna przestrze\u0144 do organizacji: \u2013 konferencji prasowych, naukowych etc. \u2013...","og_url":"https:\/\/teatrcapitol.pl\/en\/events\/scena-mniejsza\/","og_site_name":"Teatr Capitol Warszawa","article_publisher":"https:\/\/www.facebook.com\/Teatr.Capitol.Warszawa","twitter_card":"summary_large_image","schema":{"@context":"https:\/\/schema.org","@graph":[{"@type":"WebPage","@id":"https:\/\/teatrcapitol.pl\/en\/events\/scena-mniejsza\/","url":"https:\/\/teatrcapitol.pl\/en\/events\/scena-mniejsza\/","name":"Scena mniejsza - Teatr Capitol Warszawa","isPartOf":{"@id":"https:\/\/teatrcapitol.pl\/#website"},"datePublished":"2018-12-24T14:51:48+00:00","breadcrumb":{"@id":"https:\/\/teatrcapitol.pl\/en\/events\/scena-mniejsza\/#breadcrumb"},"inLanguage":"en-US","potentialAction":[{"@type":"ReadAction","target":["https:\/\/teatrcapitol.pl\/en\/events\/scena-mniejsza\/"]}]},{"@type":"BreadcrumbList","@id":"https:\/\/teatrcapitol.pl\/en\/events\/scena-mniejsza\/#breadcrumb","itemListElement":[{"@type":"ListItem","position":1,"name":"Strona g\u0142\u00f3wna","item":"https:\/\/teatrcapitol.pl\/en\/"},{"@type":"ListItem","position":2,"name":"Capitol is an inspiring and unique place situated right in the heart of Warsaw.","item":"https:\/\/teatrcapitol.pl\/en\/events\/"},{"@type":"ListItem","position":3,"name":"Scena mniejsza"}]},{"@type":"WebSite","@id":"https:\/\/teatrcapitol.pl\/#website","url":"https:\/\/teatrcapitol.pl\/","name":"Teatr Capitol Warszawa","description":"Teatr Capitol Warszawa","publisher":{"@id":"https:\/\/teatrcapitol.pl\/#organization"},"potentialAction":[{"@type":"SearchAction","target":{"@type":"EntryPoint","urlTemplate":"https:\/\/teatrcapitol.pl\/?s={search_term_string}"},"query-input":{"@type":"PropertyValueSpecification","valueRequired":true,"valueName":"search_term_string"}}],"inLanguage":"en-US"},{"@type":"Organization","@id":"https:\/\/teatrcapitol.pl\/#organization","name":"Teatr Capitol","url":"https:\/\/teatrcapitol.pl\/","logo":{"@type":"ImageObject","inLanguage":"en-US","@id":"https:\/\/teatrcapitol.pl\/#\/schema\/logo\/image\/","url":"https:\/\/teatrcapitol.pl\/wp-content\/uploads\/2022\/09\/logo_teatrcapitol.png","contentUrl":"https:\/\/teatrcapitol.pl\/wp-content\/uploads\/2022\/09\/logo_teatrcapitol.png","width":910,"height":90,"caption":"Teatr Capitol"},"image":{"@id":"https:\/\/teatrcapitol.pl\/#\/schema\/logo\/image\/"},"sameAs":["https:\/\/www.facebook.com\/Teatr.Capitol.Warszawa","https:\/\/www.instagram.com\/teatrcapitolwarsaw\/","https:\/\/www.youtube.com\/user\/teatrcapitol1","https:\/\/pl.tripadvisor.com\/Attraction_Review-g274856-d7645699-Reviews-Capitol_Theatre_Scene-Warsaw_Mazovia_Province_Central_Poland.html"]}]}},"publishpress_future_workflow_manual_trigger":{"enabledWorkflows":[]},"_links":{"self":[{"href":"https:\/\/teatrcapitol.pl\/en\/wp-json\/wp\/v2\/pages\/9927","targetHints":{"allow":["GET"]}}],"collection":[{"href":"https:\/\/teatrcapitol.pl\/en\/wp-json\/wp\/v2\/pages"}],"about":[{"href":"https:\/\/teatrcapitol.pl\/en\/wp-json\/wp\/v2\/types\/page"}],"author":[{"embeddable":true,"href":"https:\/\/teatrcapitol.pl\/en\/wp-json\/wp\/v2\/users\/1"}],"replies":[{"embeddable":true,"href":"https:\/\/teatrcapitol.pl\/en\/wp-json\/wp\/v2\/comments?post=9927"}],"version-history":[{"count":0,"href":"https:\/\/teatrcapitol.pl\/en\/wp-json\/wp\/v2\/pages\/9927\/revisions"}],"up":[{"embeddable":true,"href":"https:\/\/teatrcapitol.pl\/en\/wp-json\/wp\/v2\/pages\/6712"}],"wp:attachment":[{"href":"https:\/\/teatrcapitol.pl\/en\/wp-json\/wp\/v2\/media?parent=9927"}],"curies":[{"name":"wp","href":"https:\/\/api.w.org\/{rel}","templated":true}]}}